{"id":424195,"date":"2023-08-30T11:15:52","date_gmt":"2023-08-30T09:15:52","guid":{"rendered":"https:\/\/www.speedcube.nl\/unkategorisiert\/moyu-rs3m-2020-3x3-uv-beschichtet\/"},"modified":"2026-04-20T05:00:55","modified_gmt":"2026-04-20T03:00:55","slug":"moyu-rs3m-2020-3x3-uv-beschichtet","status":"publish","type":"product","link":"https:\/\/www.speedcube.nl\/de\/speedcube-de\/moyu-de\/moyu-rs3m-2020-3x3-uv-beschichtet\/","title":{"rendered":"MoYu RS3M 2020 3&#215;3 UV-beschichtet"},"content":{"rendered":"<p>Einer der beeindruckendsten Haushaltsw\u00fcrfel der Welt steht vor einer Umgestaltung. Der MoYu RS3M 2020 3&#215;3 ist der Speedcube, den jeder W\u00fcrfel kennt, aber dieser ist mit einer gl\u00e4nzenden UV-Beschichtung versehen! So hat dieser W\u00fcrfel eine hochgl\u00e4nzende Au\u00dfenbeschichtung mit einer UV-Beschichtung, die nicht nur sch\u00f6n aussieht, sondern auch f\u00fcr eine bessere Griffigkeit sorgt. Dar\u00fcber hinaus verf\u00fcgt der W\u00fcrfel \u00fcber einige wichtige Funktionen, wie z. B. ein Federkompressionssystem mit neun verschiedenen Einstellungen. So kann der Benutzer die Spannung der Federn nach Belieben einstellen. Die Drehbewegung ist sanft und schnell, was den W\u00fcrfel ideal f\u00fcr Speed-L\u00f6sungen und f\u00fcr Anf\u00e4nger macht, die ihre Drehtechnik verbessern wollen. Der Mechanismus des speedcube ist stabil, so dass der W\u00fcrfel eine gleichbleibende Leistung erbringt und w\u00e4hrend des Gebrauchs nicht schnell auseinanderf\u00e4llt. Au\u00dferdem wird dieser Speed Cube mit praktischem Zubeh\u00f6r wie einem Werkzeug zum Zusammendr\u00fccken der Aufh\u00e4ngung und einem Schraubenzieher geliefert, mit dem Sie den W\u00fcrfel einstellen und warten k\u00f6nnen.<\/p>\n<p><em>Inklusive Zubeh\u00f6r:<\/em><br \/>\n+ Werkzeug zum Zusammendr\u00fccken der Aufh\u00e4ngung<br \/>\n+ Schraubendreher<br \/>\n+ Display-Halterung<br \/>\n+ Kompression Ersatzteil<\/p>\n","protected":false},"excerpt":{"rendered":"<p>MOYU<\/p>\n","protected":false},"featured_media":419017,"template":"","meta":{"_improvement_type_select":"improve_an_existing","_thumb_yes_seoaic":false,"_frame_yes_seoaic":false,"seoaic_generate_description":"","seoaic_improve_instructions_prompt":"","seoaic_rollback_content_improvement":"","seoaic_idea_thumbnail_generator":"","thumbnail_generated":false,"thumbnail_generate_prompt":"","seoaic_article_description":"","product-afmeting-lengte-mm":"","product-afmeting-breedte-mm":"","product-afmeting-hoogte-mm":""},"product_brand":[],"product_cat":[1221,1332,1211],"product_tag":[],"class_list":{"0":"post-424195","1":"product","2":"type-product","3":"status-publish","4":"has-post-thumbnail","6":"product_cat-3x3-de","7":"product_cat-moyu-de","8":"product_cat-speedcube-de","9":"pa_merken-moyu-de","11":"first","12":"instock","13":"taxable","14":"shipping-taxable","15":"purchasable","16":"product-type-simple"},"df_price":19.99,"df_sale_price":"","df_regular_price":19.99,"df_image_link":"https:\/\/www.speedcube.nl\/wp-content\/uploads\/2023\/08\/Productvisuals_Speedcubes-MoYu-RS3M-2020-3x3-UV-version--285x300.jpg","_links":{"self":[{"href":"https:\/\/www.speedcube.nl\/de\/wp-json\/wp\/v2\/product\/424195","targetHints":{"allow":["GET"]}}],"collection":[{"href":"https:\/\/www.speedcube.nl\/de\/wp-json\/wp\/v2\/product"}],"about":[{"href":"https:\/\/www.speedcube.nl\/de\/wp-json\/wp\/v2\/types\/product"}],"version-history":[{"count":0,"href":"https:\/\/www.speedcube.nl\/de\/wp-json\/wp\/v2\/product\/424195\/revisions"}],"wp:featuredmedia":[{"embeddable":true,"href":"https:\/\/www.speedcube.nl\/de\/wp-json\/wp\/v2\/media\/419017"}],"wp:attachment":[{"href":"https:\/\/www.speedcube.nl\/de\/wp-json\/wp\/v2\/media?parent=424195"}],"wp:term":[{"taxonomy":"product_brand","embeddable":true,"href":"https:\/\/www.speedcube.nl\/de\/wp-json\/wp\/v2\/product_brand?post=424195"},{"taxonomy":"product_cat","embeddable":true,"href":"https:\/\/www.speedcube.nl\/de\/wp-json\/wp\/v2\/product_cat?post=424195"},{"taxonomy":"product_tag","embeddable":true,"href":"https:\/\/www.speedcube.nl\/de\/wp-json\/wp\/v2\/product_tag?post=424195"}],"curies":[{"name":"wp","href":"https:\/\/api.w.org\/{rel}","templated":true}]}}