{"id":424194,"date":"2023-09-26T16:14:07","date_gmt":"2023-09-26T14:14:07","guid":{"rendered":"https:\/\/www.speedcube.nl\/unkategorisiert\/schleimig-glitzerndes-diy\/"},"modified":"2026-05-10T05:04:48","modified_gmt":"2026-05-10T03:04:48","slug":"schleimig-glitzerndes-diy","status":"publish","type":"product","link":"https:\/\/www.speedcube.nl\/de\/aanbieding-de\/schleimig-glitzerndes-diy\/","title":{"rendered":"Schleimig-glitzerndes DIY"},"content":{"rendered":"<p>Slimy Glittzy, der glitzerndste Slimy aller Zeiten! Dieser Slimy ist in 4 verschiedenen Farben erh\u00e4ltlich. Mischen Sie Ihren eigenen Glittzy Slimy und lassen Sie Ihrer Fantasie freien Lauf, w\u00e4hrend Sie magische Glitzerformen kreieren. Der Schleim absorbiert den Glitter vollst\u00e4ndig, so dass der Glitter nicht herausfallen kann.<\/p>\n<p><em>Merkmale:<br \/>\n<\/em>+ Abmessungen: mm<br \/>\n+ Gewicht: 120 Gramm<br \/>\n+ Spa\u00df f\u00fcr Kinder ab 5 Jahren<\/p>\n","protected":false},"excerpt":{"rendered":"<p>SLIMY<\/p>\n","protected":false},"featured_media":420399,"template":"","meta":{"_improvement_type_select":"improve_an_existing","_thumb_yes_seoaic":false,"_frame_yes_seoaic":false,"seoaic_generate_description":"","seoaic_improve_instructions_prompt":"","seoaic_rollback_content_improvement":"","seoaic_idea_thumbnail_generator":"","thumbnail_generated":false,"thumbnail_generate_prompt":"","seoaic_article_description":"","product-afmeting-lengte-mm":"","product-afmeting-breedte-mm":"","product-afmeting-hoogte-mm":""},"product_brand":[],"product_cat":[1552,2558,1752],"product_tag":[],"class_list":{"0":"post-424194","1":"product","2":"type-product","3":"status-publish","4":"has-post-thumbnail","6":"product_cat-kitt","7":"product_cat-aanbieding-de","8":"product_cat-schleimig","9":"pa_merken-slimy-de","11":"first","12":"instock","13":"sale","14":"taxable","15":"shipping-taxable","16":"purchasable","17":"product-type-simple"},"df_price":4.79,"df_sale_price":4.79,"df_regular_price":7.99,"df_image_link":"https:\/\/www.speedcube.nl\/wp-content\/uploads\/2023\/09\/Productvisuals_putty-Slimy-Glittzy-DIY--285x300.jpg","_links":{"self":[{"href":"https:\/\/www.speedcube.nl\/de\/wp-json\/wp\/v2\/product\/424194","targetHints":{"allow":["GET"]}}],"collection":[{"href":"https:\/\/www.speedcube.nl\/de\/wp-json\/wp\/v2\/product"}],"about":[{"href":"https:\/\/www.speedcube.nl\/de\/wp-json\/wp\/v2\/types\/product"}],"version-history":[{"count":0,"href":"https:\/\/www.speedcube.nl\/de\/wp-json\/wp\/v2\/product\/424194\/revisions"}],"wp:featuredmedia":[{"embeddable":true,"href":"https:\/\/www.speedcube.nl\/de\/wp-json\/wp\/v2\/media\/420399"}],"wp:attachment":[{"href":"https:\/\/www.speedcube.nl\/de\/wp-json\/wp\/v2\/media?parent=424194"}],"wp:term":[{"taxonomy":"product_brand","embeddable":true,"href":"https:\/\/www.speedcube.nl\/de\/wp-json\/wp\/v2\/product_brand?post=424194"},{"taxonomy":"product_cat","embeddable":true,"href":"https:\/\/www.speedcube.nl\/de\/wp-json\/wp\/v2\/product_cat?post=424194"},{"taxonomy":"product_tag","embeddable":true,"href":"https:\/\/www.speedcube.nl\/de\/wp-json\/wp\/v2\/product_tag?post=424194"}],"curies":[{"name":"wp","href":"https:\/\/api.w.org\/{rel}","templated":true}]}}