{"id":424180,"date":"2023-08-31T14:48:50","date_gmt":"2023-08-31T12:48:50","guid":{"rendered":"https:\/\/www.speedcube.nl\/unkategorisiert\/metall-erde-james-webb-teleskop\/"},"modified":"2026-05-02T05:01:15","modified_gmt":"2026-05-02T03:01:15","slug":"metall-erde-james-webb-teleskop","status":"publish","type":"product","link":"https:\/\/www.speedcube.nl\/de\/modellbau\/sehenswurdigkeiten\/metall-erde-james-webb-teleskop\/","title":{"rendered":"Metall Erde James Webb Teleskop"},"content":{"rendered":"<p>Das James-Webb-Teleskop, das am 25. Dezember 2021 gestartet wird, ist ein bemerkenswertes St\u00fcck Technik. Mit seiner beeindruckenden Gr\u00f6\u00dfe und un\u00fcbertroffenen Leistung ist dieses Zielfernrohr eine wertvolle Erg\u00e4nzung f\u00fcr Modellbauer. Dieses 10 Milliarden Dollar teure optische Schmuckst\u00fcck ist speziell f\u00fcr die Erfassung von Licht im nahen Infrarotbereich konzipiert. Dadurch ist es m\u00f6glich, sehr weit entfernte Objekte zu beobachten. Das Weltraumteleskop gibt sogar Einblicke in die Vergangenheit bis zu 180 Millionen Jahre nach dem Urknall, lange bevor sich die ersten Galaxien bildeten. Machen Sie Ihre Modellbauprojekte mit dieser einzigartigen Nachbildung noch spektakul\u00e4rer!<\/p>\n<p>Anzahl der Bl\u00e4tter: 2,75<br \/>\nSchwierigkeitsgrad: Mittel<br \/>\nProduktabmessungen in mm: 105 x 70 x 70<\/p>\n","protected":false},"excerpt":{"rendered":"<p>METALLERDE<\/p>\n","protected":false},"featured_media":418945,"template":"","meta":{"_improvement_type_select":"improve_an_existing","_thumb_yes_seoaic":false,"_frame_yes_seoaic":false,"seoaic_generate_description":"","seoaic_improve_instructions_prompt":"","seoaic_rollback_content_improvement":"","seoaic_idea_thumbnail_generator":"","thumbnail_generated":false,"thumbnail_generate_prompt":"","seoaic_article_description":"","product-afmeting-lengte-mm":"","product-afmeting-breedte-mm":"","product-afmeting-hoogte-mm":""},"product_brand":[],"product_cat":[1500,1714,1720,1499,1723],"product_tag":[],"class_list":{"0":"post-424180","1":"product","2":"type-product","3":"status-publish","4":"has-post-thumbnail","6":"product_cat-baukasten-fur-erwachsene","7":"product_cat-metall-erde","8":"product_cat-metallbaukasten","9":"product_cat-modellbau","10":"product_cat-sehenswurdigkeiten","11":"pa_merken-metallerde","13":"first","14":"instock","15":"taxable","16":"shipping-taxable","17":"purchasable","18":"product-type-simple"},"df_price":19.95,"df_sale_price":"","df_regular_price":19.95,"df_image_link":"https:\/\/www.speedcube.nl\/wp-content\/uploads\/2023\/08\/Productvisuals_Modelbouw-Metal-Earth-James-Webb-Telescope--285x300.jpg","_links":{"self":[{"href":"https:\/\/www.speedcube.nl\/de\/wp-json\/wp\/v2\/product\/424180","targetHints":{"allow":["GET"]}}],"collection":[{"href":"https:\/\/www.speedcube.nl\/de\/wp-json\/wp\/v2\/product"}],"about":[{"href":"https:\/\/www.speedcube.nl\/de\/wp-json\/wp\/v2\/types\/product"}],"version-history":[{"count":0,"href":"https:\/\/www.speedcube.nl\/de\/wp-json\/wp\/v2\/product\/424180\/revisions"}],"wp:featuredmedia":[{"embeddable":true,"href":"https:\/\/www.speedcube.nl\/de\/wp-json\/wp\/v2\/media\/418945"}],"wp:attachment":[{"href":"https:\/\/www.speedcube.nl\/de\/wp-json\/wp\/v2\/media?parent=424180"}],"wp:term":[{"taxonomy":"product_brand","embeddable":true,"href":"https:\/\/www.speedcube.nl\/de\/wp-json\/wp\/v2\/product_brand?post=424180"},{"taxonomy":"product_cat","embeddable":true,"href":"https:\/\/www.speedcube.nl\/de\/wp-json\/wp\/v2\/product_cat?post=424180"},{"taxonomy":"product_tag","embeddable":true,"href":"https:\/\/www.speedcube.nl\/de\/wp-json\/wp\/v2\/product_tag?post=424180"}],"curies":[{"name":"wp","href":"https:\/\/api.w.org\/{rel}","templated":true}]}}