{"id":424179,"date":"2023-11-02T14:48:32","date_gmt":"2023-11-02T13:48:32","guid":{"rendered":"https:\/\/www.speedcube.nl\/unkategorisiert\/ugears-smart-steampunk-luftschiff\/"},"modified":"2026-04-28T05:00:32","modified_gmt":"2026-04-28T03:00:32","slug":"ugears-smart-steampunk-luftschiff","status":"publish","type":"product","link":"https:\/\/www.speedcube.nl\/de\/ugears\/ugears-smart-steampunk-luftschiff\/","title":{"rendered":"Ugears SMART Steampunk Luftschiff"},"content":{"rendered":"<p>Erstelle ein schwebendes Haus am Himmel, befestige es an einem Ballon und fliege durch die Wolken, um mit dem Steampunk-Luftschiff spannende Abenteuer zu erleben. Dieses Bastelprojekt zeigt den unverwechselbaren Retro-Steampunk-Stil, f\u00fcr den Ugears bekannt ist. Es verf\u00fcgt \u00fcber eine Kaj\u00fcte und ein Achterdeck, die denen eines Schleppers \u00e4hneln, einen aufgeladenen Gummibandmotor mit Start-\/Stopp-Schalter, Propeller, die von einem Motor angetrieben werden, ein rotierendes Schiffsrad, bewegliche Stabilisatoren und R\u00e4der, die es dem Modell erm\u00f6glichen, sich bis zu 2 Meter \u00fcber eine ebene Fl\u00e4che hin und her zu bewegen, wodurch ein Gef\u00fchl der mechanischen Bewegung entsteht.<\/p>\n<p>Der deutsche Erfinder Graf Ferdinand von Zeppelin arbeitete mehr als 20 Jahre lang an seinem Konzept und Entwurf, bevor er 1895 sein aufblasbares Luftschiff patentieren lie\u00df. Vielleicht erinnerte einer seiner fr\u00fchen Entw\u00fcrfe an das Luftschiff aus dem Steampunk-Genre? Kommerzielle Zeppeline bestehen aus gro\u00dfen zylindrischen Gewebek\u00f6rpern, die \u00fcber einen starren Metallrahmen gespannt sind und mit gro\u00dfen Gass\u00e4cken f\u00fcr Auftrieb sorgen. Unser Luftschiff ist kleiner, pers\u00f6nlicher und gem\u00fctlicher.<\/p>\n<p>Anzahl der Teile: 170<br \/>\nGesch\u00e4tzte Montagezeit: 3 Stunden<\/p>\n","protected":false},"excerpt":{"rendered":"<p>UGEARS<\/p>\n","protected":false},"featured_media":421911,"template":"","meta":{"_improvement_type_select":"improve_an_existing","_thumb_yes_seoaic":false,"_frame_yes_seoaic":false,"seoaic_generate_description":"","seoaic_improve_instructions_prompt":"","seoaic_rollback_content_improvement":"","seoaic_idea_thumbnail_generator":"","thumbnail_generated":false,"thumbnail_generate_prompt":"","seoaic_article_description":"","product-afmeting-lengte-mm":"169","product-afmeting-breedte-mm":"139","product-afmeting-hoogte-mm":"90"},"product_brand":[],"product_cat":[1499,5352,2558],"product_tag":[],"class_list":{"0":"post-424179","1":"product","2":"type-product","3":"status-publish","4":"has-post-thumbnail","6":"product_cat-modellbau","7":"product_cat-ugears","8":"product_cat-aanbieding-de","9":"pa_merken-ugears-de","11":"first","12":"instock","13":"sale","14":"taxable","15":"shipping-taxable","16":"purchasable","17":"product-type-simple"},"df_price":14.96,"df_sale_price":14.96,"df_regular_price":19.95,"df_image_link":"https:\/\/www.speedcube.nl\/wp-content\/uploads\/2023\/11\/Productvisuals_Modelbouw-Ugears-SMART-Steampunk-luchtschip--285x300.jpg","_links":{"self":[{"href":"https:\/\/www.speedcube.nl\/de\/wp-json\/wp\/v2\/product\/424179","targetHints":{"allow":["GET"]}}],"collection":[{"href":"https:\/\/www.speedcube.nl\/de\/wp-json\/wp\/v2\/product"}],"about":[{"href":"https:\/\/www.speedcube.nl\/de\/wp-json\/wp\/v2\/types\/product"}],"version-history":[{"count":0,"href":"https:\/\/www.speedcube.nl\/de\/wp-json\/wp\/v2\/product\/424179\/revisions"}],"wp:featuredmedia":[{"embeddable":true,"href":"https:\/\/www.speedcube.nl\/de\/wp-json\/wp\/v2\/media\/421911"}],"wp:attachment":[{"href":"https:\/\/www.speedcube.nl\/de\/wp-json\/wp\/v2\/media?parent=424179"}],"wp:term":[{"taxonomy":"product_brand","embeddable":true,"href":"https:\/\/www.speedcube.nl\/de\/wp-json\/wp\/v2\/product_brand?post=424179"},{"taxonomy":"product_cat","embeddable":true,"href":"https:\/\/www.speedcube.nl\/de\/wp-json\/wp\/v2\/product_cat?post=424179"},{"taxonomy":"product_tag","embeddable":true,"href":"https:\/\/www.speedcube.nl\/de\/wp-json\/wp\/v2\/product_tag?post=424179"}],"curies":[{"name":"wp","href":"https:\/\/api.w.org\/{rel}","templated":true}]}}