{"id":424178,"date":"2023-09-13T12:32:19","date_gmt":"2023-09-13T10:32:19","guid":{"rendered":"https:\/\/www.speedcube.nl\/unkategorisiert\/magicyoyo-v6-locus\/"},"modified":"2026-05-01T05:04:20","modified_gmt":"2026-05-01T03:04:20","slug":"magicyoyo-v6-locus","status":"publish","type":"product","link":"https:\/\/www.speedcube.nl\/de\/yo-yos\/magicyoyo-de\/magicyoyo-v6-locus\/","title":{"rendered":"MagicYoyo V6-LOCUS"},"content":{"rendered":"<p>Das V6 Locus von MAGICYOYO ist ein reaktionsschnelles Yo-Yo, das sich hervorragend f\u00fcr Anf\u00e4nger eignet. Dieses hochwertige professionelle Yo-Yo ist aus langlebigem Aluminium gefertigt. Mit seiner beeindruckenden Geschwindigkeit und Reaktionsf\u00e4higkeit bietet es ein gro\u00dfartiges Spielerlebnis. Dank des serienm\u00e4\u00dfig schmalen, reaktionsschnellen Lagers ist das Yo-Yo auch bei komplexen und schnellen Bewegungen stabil und gut ausbalanciert. Egal, ob du Anf\u00e4nger bist oder schon etwas Erfahrung hast, mit dem V6 Locus wird das Jo-Jo-Spielen zu einer angenehmen und m\u00fchelosen Aktivit\u00e4t.<\/p>\n<p>Gewicht: 66 Gramm<br \/>\nDurchmesser: 55 mm<br \/>\nBreite: 39 mm<br \/>\n(Un)ansprechbar<\/p>\n","protected":false},"excerpt":{"rendered":"<p>MAGICYOYO<\/p>\n","protected":false},"featured_media":419913,"template":"","meta":{"_improvement_type_select":"improve_an_existing","_thumb_yes_seoaic":false,"_frame_yes_seoaic":false,"seoaic_generate_description":"","seoaic_improve_instructions_prompt":"","seoaic_rollback_content_improvement":"","seoaic_idea_thumbnail_generator":"","thumbnail_generated":false,"thumbnail_generate_prompt":"","seoaic_article_description":"","product-afmeting-lengte-mm":"","product-afmeting-breedte-mm":"","product-afmeting-hoogte-mm":""},"product_brand":[],"product_cat":[1572,1419,1705,1238],"product_tag":[],"class_list":{"0":"post-424178","1":"product","2":"type-product","3":"status-publish","4":"has-post-thumbnail","6":"product_cat-aluminium-de","7":"product_cat-ansprechbar","8":"product_cat-magicyoyo-de","9":"product_cat-yo-yos","10":"pa_merken-magicyoyo-de","12":"first","13":"outofstock","14":"taxable","15":"shipping-taxable","16":"purchasable","17":"product-type-variable"},"df_price":17.99,"df_sale_price":"","df_regular_price":17.99,"df_image_link":"https:\/\/www.speedcube.nl\/wp-content\/uploads\/2023\/09\/Productvisuals_yoyo-Magicyoyo-V6-Locus--285x300.jpg","_links":{"self":[{"href":"https:\/\/www.speedcube.nl\/de\/wp-json\/wp\/v2\/product\/424178","targetHints":{"allow":["GET"]}}],"collection":[{"href":"https:\/\/www.speedcube.nl\/de\/wp-json\/wp\/v2\/product"}],"about":[{"href":"https:\/\/www.speedcube.nl\/de\/wp-json\/wp\/v2\/types\/product"}],"version-history":[{"count":0,"href":"https:\/\/www.speedcube.nl\/de\/wp-json\/wp\/v2\/product\/424178\/revisions"}],"wp:featuredmedia":[{"embeddable":true,"href":"https:\/\/www.speedcube.nl\/de\/wp-json\/wp\/v2\/media\/419913"}],"wp:attachment":[{"href":"https:\/\/www.speedcube.nl\/de\/wp-json\/wp\/v2\/media?parent=424178"}],"wp:term":[{"taxonomy":"product_brand","embeddable":true,"href":"https:\/\/www.speedcube.nl\/de\/wp-json\/wp\/v2\/product_brand?post=424178"},{"taxonomy":"product_cat","embeddable":true,"href":"https:\/\/www.speedcube.nl\/de\/wp-json\/wp\/v2\/product_cat?post=424178"},{"taxonomy":"product_tag","embeddable":true,"href":"https:\/\/www.speedcube.nl\/de\/wp-json\/wp\/v2\/product_tag?post=424178"}],"curies":[{"name":"wp","href":"https:\/\/api.w.org\/{rel}","templated":true}]}}