{"id":424165,"date":"2023-10-17T14:02:07","date_gmt":"2023-10-17T12:02:07","guid":{"rendered":"https:\/\/www.speedcube.nl\/unkategorisiert\/smartgames-criss-cross-wuerfel\/"},"modified":"2026-04-19T05:01:14","modified_gmt":"2026-04-19T03:01:14","slug":"smartgames-criss-cross-wuerfel","status":"publish","type":"product","link":"https:\/\/www.speedcube.nl\/de\/aanbieding-de\/smartgames-criss-cross-wuerfel\/","title":{"rendered":"Smartgames Criss Cross W\u00fcrfel"},"content":{"rendered":"<p>Es geht darum, die 13 Schrauben vollst\u00e4ndig in den transparenten W\u00fcrfel einzupassen, ohne dass sie sich gegenseitig blockieren. Ein w\u00fcrfelf\u00f6rmiges Puzzlespiel, das sowohl f\u00fcr Kinder als auch f\u00fcr Erwachsene geeignet ist. Haben Sie die Denkwerkzeuge, die Sie f\u00fcr diese Herausforderung ben\u00f6tigen? Beweisen Sie Ihren Scharfsinn, indem Sie die 80 verschiedenen Herausforderungen erfolgreich meistern. Ein w\u00fcrfelf\u00f6rmiges Puzzlespiel, das sowohl Kinder als auch Erwachsene ansprechen wird. Verf\u00fcgen Sie \u00fcber das richtige Handwerkszeug, um diese Aufgabe zu bew\u00e4ltigen? Geeignet f\u00fcr Kinder ab 8 Jahren.<\/p>\n","protected":false},"excerpt":{"rendered":"<p>SMARTGAMES<\/p>\n","protected":false},"featured_media":421342,"template":"","meta":{"_improvement_type_select":"improve_an_existing","_thumb_yes_seoaic":false,"_frame_yes_seoaic":false,"seoaic_generate_description":"","seoaic_improve_instructions_prompt":"","seoaic_rollback_content_improvement":"","seoaic_idea_thumbnail_generator":"","thumbnail_generated":false,"thumbnail_generate_prompt":"","seoaic_article_description":"","product-afmeting-lengte-mm":"","product-afmeting-breedte-mm":"","product-afmeting-hoogte-mm":""},"product_brand":[],"product_cat":[2558],"product_tag":[],"class_list":{"0":"post-424165","1":"product","2":"type-product","3":"status-publish","4":"has-post-thumbnail","6":"product_cat-aanbieding-de","7":"pa_merken-smartgames-de","9":"first","10":"instock","11":"sale","12":"taxable","13":"shipping-taxable","14":"purchasable","15":"product-type-simple"},"df_price":7.495,"df_sale_price":7.495,"df_regular_price":14.99,"df_image_link":"https:\/\/www.speedcube.nl\/wp-content\/uploads\/2023\/10\/Productvisuals_Breinbrekers-Smartgames-Criss-Cross-Cube--285x300.jpg","_links":{"self":[{"href":"https:\/\/www.speedcube.nl\/de\/wp-json\/wp\/v2\/product\/424165","targetHints":{"allow":["GET"]}}],"collection":[{"href":"https:\/\/www.speedcube.nl\/de\/wp-json\/wp\/v2\/product"}],"about":[{"href":"https:\/\/www.speedcube.nl\/de\/wp-json\/wp\/v2\/types\/product"}],"version-history":[{"count":0,"href":"https:\/\/www.speedcube.nl\/de\/wp-json\/wp\/v2\/product\/424165\/revisions"}],"wp:featuredmedia":[{"embeddable":true,"href":"https:\/\/www.speedcube.nl\/de\/wp-json\/wp\/v2\/media\/421342"}],"wp:attachment":[{"href":"https:\/\/www.speedcube.nl\/de\/wp-json\/wp\/v2\/media?parent=424165"}],"wp:term":[{"taxonomy":"product_brand","embeddable":true,"href":"https:\/\/www.speedcube.nl\/de\/wp-json\/wp\/v2\/product_brand?post=424165"},{"taxonomy":"product_cat","embeddable":true,"href":"https:\/\/www.speedcube.nl\/de\/wp-json\/wp\/v2\/product_cat?post=424165"},{"taxonomy":"product_tag","embeddable":true,"href":"https:\/\/www.speedcube.nl\/de\/wp-json\/wp\/v2\/product_tag?post=424165"}],"curies":[{"name":"wp","href":"https:\/\/api.w.org\/{rel}","templated":true}]}}