{"id":424155,"date":"2023-09-13T10:14:40","date_gmt":"2023-09-13T08:14:40","guid":{"rendered":"https:\/\/www.speedcube.nl\/unkategorisiert\/smartgames-happy-cube-farbpaket-junior\/"},"modified":"2026-05-02T05:01:30","modified_gmt":"2026-05-02T03:01:30","slug":"smartgames-happy-cube-farbpaket-junior","status":"publish","type":"product","link":"https:\/\/www.speedcube.nl\/de\/aanbieding-de\/smartgames-happy-cube-farbpaket-junior\/","title":{"rendered":"Smartgames Happy Cube Farbpaket Junior"},"content":{"rendered":"<p>Happy Cube Junior wurde speziell f\u00fcr die j\u00fcngsten Spieler ab 4 Jahren entwickelt und zeichnet sich als die einfachste Variante innerhalb der Happy Cube Kollektion aus. Jedes Teil des Puzzles zeigt ein einzigartiges und leicht erkennbares Symbol, das sich positiv auf die Sprachentwicklung auswirkt! Dar\u00fcber hinaus regt das Spiel spielerisch das logische, kreative und probleml\u00f6sende Denken an. Jedes der sechs R\u00e4tsel bietet einzigartige Herausforderungen und hat unterschiedliche L\u00f6sungen. Au\u00dferdem kannst du die Puzzleteile verwenden, um eine perfekte 4-cm-W\u00fcrfelform zu schaffen. Beginne mit dem Zusammenbau eines W\u00fcrfels aus den sechs Teilen und setze sie anschlie\u00dfend wieder in ihren urspr\u00fcnglichen Rahmen. Sind Sie ein Meister im Bauen von W\u00fcrfeln geworden? Fantastisch gemacht! Nun ist es an der Zeit, alle W\u00fcrfel wieder in ihre Rahmen zu setzen. Und wenn das noch nicht genug ist, k\u00f6nnen alle Puzzles miteinander kombiniert werden, um gigantische Strukturen zu bauen. Lassen Sie Ihrer Fantasie freien Lauf und kreieren Sie verschiedene Formen und Texturen. Mit Happy Cube Junior sind dem Spa\u00df und dem spielerischen Lernen keine Grenzen gesetzt. Geeignet ab 4 Jahren.<\/p>\n<p>Schwierigkeitsgrad: 1 Stern<\/p>\n","protected":false},"excerpt":{"rendered":"<p>SMARTGAMES<\/p>\n","protected":false},"featured_media":419846,"template":"","meta":{"_improvement_type_select":"improve_an_existing","_thumb_yes_seoaic":false,"_frame_yes_seoaic":false,"seoaic_generate_description":"","seoaic_improve_instructions_prompt":"","seoaic_rollback_content_improvement":"","seoaic_idea_thumbnail_generator":"","thumbnail_generated":false,"thumbnail_generate_prompt":"","seoaic_article_description":"","product-afmeting-lengte-mm":"","product-afmeting-breedte-mm":"","product-afmeting-hoogte-mm":""},"product_brand":[],"product_cat":[2558],"product_tag":[],"class_list":{"0":"post-424155","1":"product","2":"type-product","3":"status-publish","4":"has-post-thumbnail","6":"product_cat-aanbieding-de","7":"pa_merken-smartgames-de","9":"first","10":"outofstock","11":"sale","12":"taxable","13":"shipping-taxable","14":"purchasable","15":"product-type-simple"},"df_price":7.495,"df_sale_price":7.495,"df_regular_price":14.99,"df_image_link":"https:\/\/www.speedcube.nl\/wp-content\/uploads\/2023\/09\/Productvisuals_Breinbrekers-Smartgames-Happy-Cube-Colour-Pack-Junior--285x300.jpg","_links":{"self":[{"href":"https:\/\/www.speedcube.nl\/de\/wp-json\/wp\/v2\/product\/424155","targetHints":{"allow":["GET"]}}],"collection":[{"href":"https:\/\/www.speedcube.nl\/de\/wp-json\/wp\/v2\/product"}],"about":[{"href":"https:\/\/www.speedcube.nl\/de\/wp-json\/wp\/v2\/types\/product"}],"version-history":[{"count":0,"href":"https:\/\/www.speedcube.nl\/de\/wp-json\/wp\/v2\/product\/424155\/revisions"}],"wp:featuredmedia":[{"embeddable":true,"href":"https:\/\/www.speedcube.nl\/de\/wp-json\/wp\/v2\/media\/419846"}],"wp:attachment":[{"href":"https:\/\/www.speedcube.nl\/de\/wp-json\/wp\/v2\/media?parent=424155"}],"wp:term":[{"taxonomy":"product_brand","embeddable":true,"href":"https:\/\/www.speedcube.nl\/de\/wp-json\/wp\/v2\/product_brand?post=424155"},{"taxonomy":"product_cat","embeddable":true,"href":"https:\/\/www.speedcube.nl\/de\/wp-json\/wp\/v2\/product_cat?post=424155"},{"taxonomy":"product_tag","embeddable":true,"href":"https:\/\/www.speedcube.nl\/de\/wp-json\/wp\/v2\/product_tag?post=424155"}],"curies":[{"name":"wp","href":"https:\/\/api.w.org\/{rel}","templated":true}]}}