{"id":424150,"date":"2023-10-10T21:45:24","date_gmt":"2023-10-10T19:45:24","guid":{"rendered":"https:\/\/www.speedcube.nl\/unkategorisiert\/gan-356-me\/"},"modified":"2026-04-04T05:15:52","modified_gmt":"2026-04-04T03:15:52","slug":"gan-356-me","status":"publish","type":"product","link":"https:\/\/www.speedcube.nl\/de\/speedcube-de\/gan-de\/gan-356-me\/","title":{"rendered":"Gan 356 ME"},"content":{"rendered":"<p>Das GAN 356 M E 3&#215;3 ist ein revolution\u00e4res 3&#215;3 mit Magnetkraft und bietet eine Reihe von faszinierenden Funktionen! Die Kontaktfl\u00e4che ist mit einem einfachen, aber eleganten Design verziert, das an die Struktur eines Bienenstocks erinnert. Dar\u00fcber hinaus gibt es 4 M\u00f6glichkeiten, die Elastizit\u00e4t einzustellen, und 3 M\u00f6glichkeiten, den Mitteltonbereich zu gl\u00e4tten. Die matte Oberfl\u00e4che verleiht dem speedcube ein unverwechselbares Aussehen. Dieser konkurrenzlose W\u00fcrfel geh\u00f6rt zweifelsohne zu den absolut besten und bietet ein noch nie dagewesenes Leistungsniveau.<\/p>\n","protected":false},"excerpt":{"rendered":"<p>GAN<\/p>\n","protected":false},"featured_media":421045,"template":"","meta":{"_improvement_type_select":"improve_an_existing","_thumb_yes_seoaic":false,"_frame_yes_seoaic":false,"seoaic_generate_description":"","seoaic_improve_instructions_prompt":"","seoaic_rollback_content_improvement":"","seoaic_idea_thumbnail_generator":"","thumbnail_generated":false,"thumbnail_generate_prompt":"","seoaic_article_description":"","product-afmeting-lengte-mm":"56","product-afmeting-breedte-mm":"56","product-afmeting-hoogte-mm":"56"},"product_brand":[],"product_cat":[1221,1270,1211],"product_tag":[],"class_list":{"0":"post-424150","1":"product","2":"type-product","3":"status-publish","4":"has-post-thumbnail","6":"product_cat-3x3-de","7":"product_cat-gan-de","8":"product_cat-speedcube-de","9":"pa_merken-gan-de","11":"first","12":"instock","13":"taxable","14":"shipping-taxable","15":"purchasable","16":"product-type-variable"},"df_price":25.99,"df_sale_price":"","df_regular_price":25.99,"df_image_link":"https:\/\/www.speedcube.nl\/wp-content\/uploads\/2023\/10\/Productvisuals_Speedcubes-Gan-356-ME--285x300.jpg","_links":{"self":[{"href":"https:\/\/www.speedcube.nl\/de\/wp-json\/wp\/v2\/product\/424150","targetHints":{"allow":["GET"]}}],"collection":[{"href":"https:\/\/www.speedcube.nl\/de\/wp-json\/wp\/v2\/product"}],"about":[{"href":"https:\/\/www.speedcube.nl\/de\/wp-json\/wp\/v2\/types\/product"}],"version-history":[{"count":0,"href":"https:\/\/www.speedcube.nl\/de\/wp-json\/wp\/v2\/product\/424150\/revisions"}],"wp:featuredmedia":[{"embeddable":true,"href":"https:\/\/www.speedcube.nl\/de\/wp-json\/wp\/v2\/media\/421045"}],"wp:attachment":[{"href":"https:\/\/www.speedcube.nl\/de\/wp-json\/wp\/v2\/media?parent=424150"}],"wp:term":[{"taxonomy":"product_brand","embeddable":true,"href":"https:\/\/www.speedcube.nl\/de\/wp-json\/wp\/v2\/product_brand?post=424150"},{"taxonomy":"product_cat","embeddable":true,"href":"https:\/\/www.speedcube.nl\/de\/wp-json\/wp\/v2\/product_cat?post=424150"},{"taxonomy":"product_tag","embeddable":true,"href":"https:\/\/www.speedcube.nl\/de\/wp-json\/wp\/v2\/product_tag?post=424150"}],"curies":[{"name":"wp","href":"https:\/\/api.w.org\/{rel}","templated":true}]}}