{"id":424141,"date":"2023-10-17T09:34:04","date_gmt":"2023-10-17T07:34:04","guid":{"rendered":"https:\/\/www.speedcube.nl\/unkategorisiert\/intelligente-daemmerung-gross\/"},"modified":"2026-05-01T05:01:21","modified_gmt":"2026-05-01T03:01:21","slug":"intelligente-daemmerung-gross","status":"publish","type":"product","link":"https:\/\/www.speedcube.nl\/de\/kitt\/intelligent-de\/intelligente-daemmerung-gross\/","title":{"rendered":"Intelligente D\u00e4mmerung &#8211; Gro\u00df"},"content":{"rendered":"<p>Diese hitzeempfindliche Knetmasse ver\u00e4ndert bei unterschiedlichen Temperaturen ihre Farbe auf erstaunliche Weise. Zu Beginn hat es einen tiefvioletten Farbton, aber sobald die Hitze zunimmt, geht es langsam in ein leuchtendes Blau \u00fcber.<\/p>\n<p>Abmessungen: 103 \u00d7 103 \u00d7 32 mm<br \/>\nGewicht: 80 Gramm<\/p>\n<p><em>Merkmale:<\/em><br \/>\n+ Feste Konsistenz<br \/>\n+ Bounces<br \/>\n+ Tr\u00e4nen wie Papier<br \/>\n+ Dehnt sich wie Kaugummi<br \/>\n+ Verschmutzt die H\u00e4nde nicht<br \/>\n+ Schmelzen<br \/>\n+ Geruchlos<br \/>\n+ Trocknet nicht aus!<br \/>\n+ BPA-frei<\/p>\n","protected":false},"excerpt":{"rendered":"<p>INTELLIGENT<\/p>\n","protected":false},"featured_media":421171,"template":"","meta":{"_improvement_type_select":"improve_an_existing","_thumb_yes_seoaic":false,"_frame_yes_seoaic":false,"seoaic_generate_description":"","seoaic_improve_instructions_prompt":"","seoaic_rollback_content_improvement":"","seoaic_idea_thumbnail_generator":"","thumbnail_generated":false,"thumbnail_generate_prompt":"","seoaic_article_description":"","product-afmeting-lengte-mm":"","product-afmeting-breedte-mm":"","product-afmeting-hoogte-mm":""},"product_brand":[],"product_cat":[1566,1560,1552],"product_tag":[],"class_list":{"0":"post-424141","1":"product","2":"type-product","3":"status-publish","4":"has-post-thumbnail","6":"product_cat-intelligent-de","7":"product_cat-kitt-de","8":"product_cat-kitt","9":"pa_merken-intelligent-de","11":"first","12":"outofstock","13":"taxable","14":"shipping-taxable","15":"purchasable","16":"product-type-simple"},"df_price":14.95,"df_sale_price":"","df_regular_price":14.95,"df_image_link":"https:\/\/www.speedcube.nl\/wp-content\/uploads\/2023\/10\/Productvisuals_putty-Intelligente-Schemering-Large--285x300.jpg","_links":{"self":[{"href":"https:\/\/www.speedcube.nl\/de\/wp-json\/wp\/v2\/product\/424141","targetHints":{"allow":["GET"]}}],"collection":[{"href":"https:\/\/www.speedcube.nl\/de\/wp-json\/wp\/v2\/product"}],"about":[{"href":"https:\/\/www.speedcube.nl\/de\/wp-json\/wp\/v2\/types\/product"}],"version-history":[{"count":0,"href":"https:\/\/www.speedcube.nl\/de\/wp-json\/wp\/v2\/product\/424141\/revisions"}],"wp:featuredmedia":[{"embeddable":true,"href":"https:\/\/www.speedcube.nl\/de\/wp-json\/wp\/v2\/media\/421171"}],"wp:attachment":[{"href":"https:\/\/www.speedcube.nl\/de\/wp-json\/wp\/v2\/media?parent=424141"}],"wp:term":[{"taxonomy":"product_brand","embeddable":true,"href":"https:\/\/www.speedcube.nl\/de\/wp-json\/wp\/v2\/product_brand?post=424141"},{"taxonomy":"product_cat","embeddable":true,"href":"https:\/\/www.speedcube.nl\/de\/wp-json\/wp\/v2\/product_cat?post=424141"},{"taxonomy":"product_tag","embeddable":true,"href":"https:\/\/www.speedcube.nl\/de\/wp-json\/wp\/v2\/product_tag?post=424141"}],"curies":[{"name":"wp","href":"https:\/\/api.w.org\/{rel}","templated":true}]}}