{"id":424134,"date":"2023-11-07T11:22:19","date_gmt":"2023-11-07T10:22:19","guid":{"rendered":"https:\/\/www.speedcube.nl\/unkategorisiert\/robotime-rokr-maschinenpistole-lqb01\/"},"modified":"2026-04-04T05:12:47","modified_gmt":"2026-04-04T03:12:47","slug":"robotime-rokr-maschinenpistole-lqb01","status":"publish","type":"product","link":"https:\/\/www.speedcube.nl\/de\/modellbau\/robotime-de\/robotime-rokr-maschinenpistole-lqb01\/","title":{"rendered":"Robotime ROKR Maschinenpistole LQB01"},"content":{"rendered":"<p>In einer abgelegenen, traditionellen Gemeinschaft, die von einem friedlichen und au\u00dferordentlich f\u00e4higen Volk bewohnt wird, kam der Tag, an dem eine Gruppe von Au\u00dfenstehenden versuchte, in ihr Gebiet einzudringen und ihre wirtschaftlichen Interessen durchzusetzen. Die tapferen Mitglieder der Gemeinschaft arbeiteten die ganze Nacht hindurch unerm\u00fcdlich und entwickelten eine neue Waffe: das Maschinengewehr. Diese Waffe bot ihnen eine solide und zuverl\u00e4ssige M\u00f6glichkeit, schnell zu schie\u00dfen, und half der Gemeinschaft, die Eindringlinge schlie\u00dflich zu besiegen und ihr wertvolles Heimatland erfolgreich zu verteidigen. Dieser Bausatz besteht aus 275 Teilen und die Montagezeit betr\u00e4gt \u00b1 5 Stunden.<\/p>\n","protected":false},"excerpt":{"rendered":"<p>ROBOTIME<\/p>\n","protected":false},"featured_media":421980,"template":"","meta":{"_improvement_type_select":"improve_an_existing","_thumb_yes_seoaic":false,"_frame_yes_seoaic":false,"seoaic_generate_description":"","seoaic_improve_instructions_prompt":"","seoaic_rollback_content_improvement":"","seoaic_idea_thumbnail_generator":"","thumbnail_generated":false,"thumbnail_generate_prompt":"","seoaic_article_description":"","product-afmeting-lengte-mm":"697","product-afmeting-breedte-mm":"138","product-afmeting-hoogte-mm":"178"},"product_brand":[],"product_cat":[1617,1500,1499,1619,1615],"product_tag":[],"class_list":{"0":"post-424134","1":"product","2":"type-product","3":"status-publish","4":"has-post-thumbnail","6":"product_cat-baukasten-aus-holz","7":"product_cat-baukasten-fur-erwachsene","8":"product_cat-modellbau","9":"product_cat-robotime-de","10":"product_cat-waffen","11":"pa_merken-robotime-de","13":"first","14":"instock","15":"taxable","16":"shipping-taxable","17":"purchasable","18":"product-type-simple"},"df_price":49.99,"df_sale_price":"","df_regular_price":49.99,"df_image_link":"https:\/\/www.speedcube.nl\/wp-content\/uploads\/2023\/11\/Productvisuals_Modelbouw-Robotime-ROKR-Submachine-Gun-LQB01--285x300.jpg","_links":{"self":[{"href":"https:\/\/www.speedcube.nl\/de\/wp-json\/wp\/v2\/product\/424134","targetHints":{"allow":["GET"]}}],"collection":[{"href":"https:\/\/www.speedcube.nl\/de\/wp-json\/wp\/v2\/product"}],"about":[{"href":"https:\/\/www.speedcube.nl\/de\/wp-json\/wp\/v2\/types\/product"}],"version-history":[{"count":0,"href":"https:\/\/www.speedcube.nl\/de\/wp-json\/wp\/v2\/product\/424134\/revisions"}],"wp:featuredmedia":[{"embeddable":true,"href":"https:\/\/www.speedcube.nl\/de\/wp-json\/wp\/v2\/media\/421980"}],"wp:attachment":[{"href":"https:\/\/www.speedcube.nl\/de\/wp-json\/wp\/v2\/media?parent=424134"}],"wp:term":[{"taxonomy":"product_brand","embeddable":true,"href":"https:\/\/www.speedcube.nl\/de\/wp-json\/wp\/v2\/product_brand?post=424134"},{"taxonomy":"product_cat","embeddable":true,"href":"https:\/\/www.speedcube.nl\/de\/wp-json\/wp\/v2\/product_cat?post=424134"},{"taxonomy":"product_tag","embeddable":true,"href":"https:\/\/www.speedcube.nl\/de\/wp-json\/wp\/v2\/product_tag?post=424134"}],"curies":[{"name":"wp","href":"https:\/\/api.w.org\/{rel}","templated":true}]}}