{"id":424131,"date":"2023-10-23T18:01:37","date_gmt":"2023-10-23T16:01:37","guid":{"rendered":"https:\/\/www.speedcube.nl\/unkategorisiert\/yoyofactory-pfeil\/"},"modified":"2026-05-09T05:04:00","modified_gmt":"2026-05-09T03:04:00","slug":"yoyofactory-pfeil","status":"publish","type":"product","link":"https:\/\/www.speedcube.nl\/de\/yo-yos\/yoyofactory-de\/yoyofactory-pfeil\/","title":{"rendered":"YoYoFactory Pfeil"},"content":{"rendered":"<p>Streben Sie nach Erfolg mit dem Arrow von YoyoFactory. Dieses Yo-Yo ist f\u00fcr Anf\u00e4nger geeignet und kann sofort in einem reaktionsschnellen Spielstil eingesetzt werden. Mit dem beiliegenden breiteren Lager kann das Arrow auch in einen nicht-responsiven Spielstil umgewandelt werden, bei dem du das Yo-Yo mit deinem Finger drehst! Die Arrow wurde f\u00fcr optimale Balance, lange Spinzeiten, Stabilit\u00e4t und einen guten Griff auf der Saite entwickelt. Au\u00dferdem besteht er aus einer robusten Kunststoffkonstruktion und einer Metallnabe, mit der man ihn auch horizontal drehen kann. Das Paket enth\u00e4lt au\u00dferdem ein Ersatzlager, eine Anleitung und ein zus\u00e4tzliches Seil.<\/p>\n<p>Lager: Gr\u00f6\u00dfe C<br \/>\nGewicht: 64,1 Gramm<br \/>\nDurchmesser: 58,5 mm<br \/>\nBreite: 42 mm<br \/>\n(un)responsive: Responsive &amp; unresponsive<\/p>\n","protected":false},"excerpt":{"rendered":"<p>YOYOFACTORY<\/p>\n","protected":false},"featured_media":421441,"template":"","meta":{"_improvement_type_select":"improve_an_existing","_thumb_yes_seoaic":false,"_frame_yes_seoaic":false,"seoaic_generate_description":"","seoaic_improve_instructions_prompt":"","seoaic_rollback_content_improvement":"","seoaic_idea_thumbnail_generator":"","thumbnail_generated":false,"thumbnail_generate_prompt":"","seoaic_article_description":"","product-afmeting-lengte-mm":"","product-afmeting-breedte-mm":"","product-afmeting-hoogte-mm":""},"product_brand":[],"product_cat":[1419,1418,1255,1238,1462],"product_tag":[],"class_list":{"0":"post-424131","1":"product","2":"type-product","3":"status-publish","4":"has-post-thumbnail","6":"product_cat-ansprechbar","7":"product_cat-kunststoff","8":"product_cat-nicht-ansprechbar","9":"product_cat-yo-yos","10":"product_cat-yoyofactory-de","11":"pa_merken-yoyofactory-de","13":"first","14":"instock","15":"taxable","16":"shipping-taxable","17":"purchasable","18":"product-type-variable"},"df_price":15.99,"df_sale_price":"","df_regular_price":15.99,"df_image_link":"https:\/\/www.speedcube.nl\/wp-content\/uploads\/2023\/10\/Productvisuals_yoyo-YoYoFactory-Arrow--285x300.jpg","_links":{"self":[{"href":"https:\/\/www.speedcube.nl\/de\/wp-json\/wp\/v2\/product\/424131","targetHints":{"allow":["GET"]}}],"collection":[{"href":"https:\/\/www.speedcube.nl\/de\/wp-json\/wp\/v2\/product"}],"about":[{"href":"https:\/\/www.speedcube.nl\/de\/wp-json\/wp\/v2\/types\/product"}],"version-history":[{"count":0,"href":"https:\/\/www.speedcube.nl\/de\/wp-json\/wp\/v2\/product\/424131\/revisions"}],"wp:featuredmedia":[{"embeddable":true,"href":"https:\/\/www.speedcube.nl\/de\/wp-json\/wp\/v2\/media\/421441"}],"wp:attachment":[{"href":"https:\/\/www.speedcube.nl\/de\/wp-json\/wp\/v2\/media?parent=424131"}],"wp:term":[{"taxonomy":"product_brand","embeddable":true,"href":"https:\/\/www.speedcube.nl\/de\/wp-json\/wp\/v2\/product_brand?post=424131"},{"taxonomy":"product_cat","embeddable":true,"href":"https:\/\/www.speedcube.nl\/de\/wp-json\/wp\/v2\/product_cat?post=424131"},{"taxonomy":"product_tag","embeddable":true,"href":"https:\/\/www.speedcube.nl\/de\/wp-json\/wp\/v2\/product_tag?post=424131"}],"curies":[{"name":"wp","href":"https:\/\/api.w.org\/{rel}","templated":true}]}}