{"id":424111,"date":"2023-10-17T11:21:58","date_gmt":"2023-10-17T09:21:58","guid":{"rendered":"https:\/\/www.speedcube.nl\/unkategorisiert\/intelligente-galaxie-gross\/"},"modified":"2026-05-02T05:02:22","modified_gmt":"2026-05-02T03:02:22","slug":"intelligente-galaxie-gross","status":"publish","type":"product","link":"https:\/\/www.speedcube.nl\/de\/kitt\/intelligent-de\/intelligente-galaxie-gross\/","title":{"rendered":"Intelligente Galaxie &#8211; Gro\u00df"},"content":{"rendered":"<p>Diese intelligente Knetmasse ist mit unz\u00e4hligen schimmernden Partikeln in den Farben Rot, Silber und Blau gef\u00fcllt. Die Knetmasse ist einzigartig, da sie mehrere Eigenschaften hat. Es dehnt sich aus wie ein Kaugummi, h\u00fcpft wie ein Ball und rei\u00dft so leicht wie Papier. Sie k\u00f6nnen also endlos damit spielen und experimentieren! Die Spachtelmasse ist in einer attraktiven Metalldose verpackt.<\/p>\n<p>Abmessungen: 103 \u00d7 103 \u00d7 32 mm<br \/>\nGewicht: 80 Gramm<\/p>\n<p><em>Merkmale:<\/em><br \/>\n+ Feste Konsistenz<br \/>\n+ Nicht klebrig<br \/>\n+ Verschmutzt die H\u00e4nde nicht<br \/>\n+ Schmelzen<br \/>\n+ Geruchlos<br \/>\n+ Trocknet nicht aus!<br \/>\n+ BPA-frei<\/p>\n","protected":false},"excerpt":{"rendered":"<p>INTELLIGENT<\/p>\n","protected":false},"featured_media":421160,"template":"","meta":{"_improvement_type_select":"improve_an_existing","_thumb_yes_seoaic":false,"_frame_yes_seoaic":false,"seoaic_generate_description":"","seoaic_improve_instructions_prompt":"","seoaic_rollback_content_improvement":"","seoaic_idea_thumbnail_generator":"","thumbnail_generated":false,"thumbnail_generate_prompt":"","seoaic_article_description":"","product-afmeting-lengte-mm":"","product-afmeting-breedte-mm":"","product-afmeting-hoogte-mm":""},"product_brand":[],"product_cat":[1566,1560,1552],"product_tag":[],"class_list":{"0":"post-424111","1":"product","2":"type-product","3":"status-publish","4":"has-post-thumbnail","6":"product_cat-intelligent-de","7":"product_cat-kitt-de","8":"product_cat-kitt","9":"pa_merken-intelligent-de","11":"first","12":"outofstock","13":"taxable","14":"shipping-taxable","15":"purchasable","16":"product-type-simple"},"df_price":14.95,"df_sale_price":"","df_regular_price":14.95,"df_image_link":"https:\/\/www.speedcube.nl\/wp-content\/uploads\/2023\/10\/Productvisuals_putty-Intelligente-Galaxy-Large--285x300.jpg","_links":{"self":[{"href":"https:\/\/www.speedcube.nl\/de\/wp-json\/wp\/v2\/product\/424111","targetHints":{"allow":["GET"]}}],"collection":[{"href":"https:\/\/www.speedcube.nl\/de\/wp-json\/wp\/v2\/product"}],"about":[{"href":"https:\/\/www.speedcube.nl\/de\/wp-json\/wp\/v2\/types\/product"}],"version-history":[{"count":0,"href":"https:\/\/www.speedcube.nl\/de\/wp-json\/wp\/v2\/product\/424111\/revisions"}],"wp:featuredmedia":[{"embeddable":true,"href":"https:\/\/www.speedcube.nl\/de\/wp-json\/wp\/v2\/media\/421160"}],"wp:attachment":[{"href":"https:\/\/www.speedcube.nl\/de\/wp-json\/wp\/v2\/media?parent=424111"}],"wp:term":[{"taxonomy":"product_brand","embeddable":true,"href":"https:\/\/www.speedcube.nl\/de\/wp-json\/wp\/v2\/product_brand?post=424111"},{"taxonomy":"product_cat","embeddable":true,"href":"https:\/\/www.speedcube.nl\/de\/wp-json\/wp\/v2\/product_cat?post=424111"},{"taxonomy":"product_tag","embeddable":true,"href":"https:\/\/www.speedcube.nl\/de\/wp-json\/wp\/v2\/product_tag?post=424111"}],"curies":[{"name":"wp","href":"https:\/\/api.w.org\/{rel}","templated":true}]}}