{"id":424107,"date":"2023-12-12T10:05:40","date_gmt":"2023-12-12T09:05:40","guid":{"rendered":"https:\/\/www.speedcube.nl\/unkategorisiert\/raetsel-zelda-meisterschwert\/"},"modified":"2026-05-09T05:00:45","modified_gmt":"2026-05-09T03:00:45","slug":"raetsel-zelda-meisterschwert","status":"publish","type":"product","link":"https:\/\/www.speedcube.nl\/de\/knobelaufgaben\/5-sterne-oder-mehr-experte\/raetsel-zelda-meisterschwert\/","title":{"rendered":"R\u00e4tsel Zelda Meisterschwert"},"content":{"rendered":"<p>Fans von The Legend of Zelda, wir haben etwas f\u00fcr Sie! Dieses 3D-Puzzle des Master-Schwerts ist die ultimative Herausforderung f\u00fcr jeden Puzzle-Liebhaber und ein absolutes Muss f\u00fcr jeden Sammler von Zelda-Artikeln. Mit seinem raffinierten Design und der Liebe zum Detail wird dieses Puzzle sicher beeindrucken. Wenn Sie das Puzzle fertiggestellt haben, k\u00f6nnen Sie es stolz als Blickfang in Ihrer Wohnung oder Ihrem B\u00fcro pr\u00e4sentieren. Versammeln Sie also Ihre Mitabenteurer und machen Sie sich auf den Weg, um dieses au\u00dfergew\u00f6hnliche Puzzle zusammenzusetzen!<\/p>\n<p>Alter: 12+<br \/>\nSchwierigkeitsgrad: 6 Sterne<\/p>\n","protected":false},"excerpt":{"rendered":"<p>HUZZLE<\/p>\n","protected":false},"featured_media":422321,"template":"","meta":{"_improvement_type_select":"improve_an_existing","_thumb_yes_seoaic":false,"_frame_yes_seoaic":false,"seoaic_generate_description":"","seoaic_improve_instructions_prompt":"","seoaic_rollback_content_improvement":"","seoaic_idea_thumbnail_generator":"","thumbnail_generated":false,"thumbnail_generate_prompt":"","seoaic_article_description":"","product-afmeting-lengte-mm":"","product-afmeting-breedte-mm":"","product-afmeting-hoogte-mm":""},"product_brand":[],"product_cat":[1490,1227,1244,1233,1237,1488,1489],"product_tag":[],"class_list":{"0":"post-424107","1":"product","2":"type-product","3":"status-publish","4":"has-post-thumbnail","6":"product_cat-5-sterne-oder-mehr-experte","7":"product_cat-knobelaufgaben","8":"product_cat-knobelaufgaben-de","9":"product_cat-knobelaufgaben-fur-erwachsene","10":"product_cat-knobelaufgaben-fur-kinder","11":"product_cat-metall","12":"product_cat-ratsel","13":"pa_merken-huzzle-de","15":"first","16":"instock","17":"taxable","18":"shipping-taxable","19":"purchasable","20":"product-type-simple"},"df_price":29.95,"df_sale_price":"","df_regular_price":29.95,"df_image_link":"https:\/\/www.speedcube.nl\/wp-content\/uploads\/2023\/12\/Productvisuals_Breinbrekers-Huzzle-Zelda-Master-Sword--285x300.jpg","_links":{"self":[{"href":"https:\/\/www.speedcube.nl\/de\/wp-json\/wp\/v2\/product\/424107","targetHints":{"allow":["GET"]}}],"collection":[{"href":"https:\/\/www.speedcube.nl\/de\/wp-json\/wp\/v2\/product"}],"about":[{"href":"https:\/\/www.speedcube.nl\/de\/wp-json\/wp\/v2\/types\/product"}],"version-history":[{"count":0,"href":"https:\/\/www.speedcube.nl\/de\/wp-json\/wp\/v2\/product\/424107\/revisions"}],"wp:featuredmedia":[{"embeddable":true,"href":"https:\/\/www.speedcube.nl\/de\/wp-json\/wp\/v2\/media\/422321"}],"wp:attachment":[{"href":"https:\/\/www.speedcube.nl\/de\/wp-json\/wp\/v2\/media?parent=424107"}],"wp:term":[{"taxonomy":"product_brand","embeddable":true,"href":"https:\/\/www.speedcube.nl\/de\/wp-json\/wp\/v2\/product_brand?post=424107"},{"taxonomy":"product_cat","embeddable":true,"href":"https:\/\/www.speedcube.nl\/de\/wp-json\/wp\/v2\/product_cat?post=424107"},{"taxonomy":"product_tag","embeddable":true,"href":"https:\/\/www.speedcube.nl\/de\/wp-json\/wp\/v2\/product_tag?post=424107"}],"curies":[{"name":"wp","href":"https:\/\/api.w.org\/{rel}","templated":true}]}}