{"id":424100,"date":"2023-11-10T17:35:08","date_gmt":"2023-11-10T16:35:08","guid":{"rendered":"https:\/\/www.speedcube.nl\/unkategorisiert\/moyu-mfjs-rs3m-v5-serie\/"},"modified":"2026-05-07T05:14:44","modified_gmt":"2026-05-07T03:14:44","slug":"moyu-mfjs-rs3m-v5-serie","status":"publish","type":"product","link":"https:\/\/www.speedcube.nl\/de\/speedcube-de\/moyu-de\/moyu-mfjs-rs3m-v5-serie\/","title":{"rendered":"MoYu MFJS RS3M V5 Serie"},"content":{"rendered":"<p>Wie schon bei der Vorg\u00e4ngerversion, dem RS3M 2020, entschied sich Moyu aufgrund der schw\u00e4cheren Magnetkraft des W\u00fcrfels f\u00fcr eine \u00fcberarbeitete Variante. Um dies zu verst\u00e4rken, haben sie daf\u00fcr gesorgt, dass die Randst\u00fccke nun mit 24 zus\u00e4tzlichen Magneten versehen sind. Dies erleichterte die Handhabung des W\u00fcrfels und gab ihm mehr Stabilit\u00e4t. Sie haben die Wahl zwischen f\u00fcnf verschiedenen Versionen, so dass f\u00fcr jeden etwas dabei ist. Wir bieten die Varianten Magnetschwebebahn, Kugelkern-UV und magnetische Doppelverstellung an. Sie k\u00f6nnen die Versionen mit Magnetschwebebahn und magnetischer Doppelverstellung kaufen, einschlie\u00dflich eines praktischen Roboterst\u00e4nders. Mit dieser Auswahl k\u00f6nnen Speedcube-Fans genau die richtige Version f\u00fcr sich finden.<\/p>\n<p><strong>MoYu RS3M V5 3\u00d73 Ball-Core mit Roboterst\u00e4nder<br \/>\n<\/strong>Diese Version verf\u00fcgt \u00fcber einen so genannten Ball-Core, bei dem eine Kugel um den Kern herum platziert wird und acht Magnete auf die Eckst\u00fccke gerichtet sind. Dar\u00fcber hinaus befinden sich an der Unterseite der Eckst\u00fccke Magnete, die von den Magneten im Kern angezogen werden. Dies bietet zwei wesentliche Vorteile. Zun\u00e4chst erleben Sie ein etwas st\u00e4rkeres magnetisches Gef\u00fchl mit dem W\u00fcrfel. Dar\u00fcber hinaus wird der W\u00fcrfel bei der Benutzung stabiler. Dieses System, das dem in GAN 11-14 verwendeten \u00e4hnelt, verleiht dem W\u00fcrfel eine beeindruckende Qualit\u00e4t. Au\u00dferdem verf\u00fcgt diese Variante, wie die etwas g\u00fcnstigere Version, \u00fcber das MagLev-System. Ein zus\u00e4tzliches Plus ist die sch\u00fctzende und attraktive UV-Beschichtung des Kunststoffs. Dieser hochwertige Speed Cube kann es zweifellos mit Puzzles aufnehmen, die doppelt so viel kosten.<\/p>\n<p><strong>MoYu RS3M V5 3\u00d73 MagLev mit oder ohne Roboterst\u00e4nder<br \/>\n<\/strong>MagLev bedeutet, dass die \u00fcbliche Aufh\u00e4ngung mit Metallfedern durch zwei absto\u00dfende Ringmagnete ersetzt wurde. Dadurch schwebt ein Magnet \u00fcber dem anderen und erzeugt einen Federeffekt, wodurch die Reibung zwischen Federn und Ringen vermieden wird. Das Ergebnis ist ein schneller und leiser W\u00fcrfel. Au\u00dferdem wird dadurch das l\u00e4stige Quietschen reduziert, das bei Speedcubes ohne MagLev-Federung auftreten kann. F\u00fcr einen geringen Aufpreis gegen\u00fcber der Standardvariante k\u00f6nnte dies die ideale Wahl f\u00fcr diejenigen sein, die einen schnellen und hochwertigen Speedcube w\u00fcnschen, ohne den Geldbeutel zu sehr zu belasten.<\/p>\n<p><strong>MoYu RS3M V5 3\u00d73 Dual Adjustment <\/strong><strong>mit oder ohne Robot Stand<br \/>\n<\/strong>Diese Variante kommt nat\u00fcrlich mit den bekannten Corner-to-Edge-Magneten, die in den letzten Jahren zum Standard bei allen wirklich guten Speedcubes geworden sind. Der W\u00fcrfel verf\u00fcgt nicht \u00fcber absto\u00dfende Ringmagnete wie die beiden etwas teureren Modelle, aber keine Sorge. Der W\u00fcrfel ist schon von Natur aus unglaublich schnell, wenn er aus der Verpackung kommt. Wenn Sie keine extrem schnellen (und m\u00f6glicherweise schwer zu kontrollierenden) Speedcubes m\u00f6gen, k\u00f6nnte diese Variante die perfekte Wahl f\u00fcr Sie sein. Neben der Magnetisierung verf\u00fcgt dieser W\u00fcrfel (wie die anderen Versionen) auch \u00fcber das patentierte Dual Adjustment System von MoYu. Mit diesem System k\u00f6nnen Sie die Elastizit\u00e4t und den Grad der Festigkeit des Puzzles leicht einstellen, um das perfekte Gef\u00fchl in Ihrem W\u00fcrfel zu finden.<\/p>\n","protected":false},"excerpt":{"rendered":"<p>MOYU<\/p>\n","protected":false},"featured_media":421649,"template":"","meta":{"_improvement_type_select":"improve_an_existing","_thumb_yes_seoaic":false,"_frame_yes_seoaic":false,"seoaic_generate_description":"","seoaic_improve_instructions_prompt":"","seoaic_rollback_content_improvement":"","seoaic_idea_thumbnail_generator":"","thumbnail_generated":false,"thumbnail_generate_prompt":"","seoaic_article_description":"","product-afmeting-lengte-mm":"","product-afmeting-breedte-mm":"","product-afmeting-hoogte-mm":""},"product_brand":[],"product_cat":[1221,1332,1211],"product_tag":[],"class_list":{"0":"post-424100","1":"product","2":"type-product","3":"status-publish","4":"has-post-thumbnail","6":"product_cat-3x3-de","7":"product_cat-moyu-de","8":"product_cat-speedcube-de","9":"pa_merken-moyu-de","11":"first","12":"instock","13":"taxable","14":"shipping-taxable","15":"purchasable","16":"product-type-variable"},"df_price":9.99,"df_sale_price":"","df_regular_price":9.99,"df_image_link":"https:\/\/www.speedcube.nl\/wp-content\/uploads\/2023\/10\/Productvisuals_Speedcubes-MoYu-MFJS-RS3M-V5-Serie--285x300.jpg","_links":{"self":[{"href":"https:\/\/www.speedcube.nl\/de\/wp-json\/wp\/v2\/product\/424100","targetHints":{"allow":["GET"]}}],"collection":[{"href":"https:\/\/www.speedcube.nl\/de\/wp-json\/wp\/v2\/product"}],"about":[{"href":"https:\/\/www.speedcube.nl\/de\/wp-json\/wp\/v2\/types\/product"}],"version-history":[{"count":0,"href":"https:\/\/www.speedcube.nl\/de\/wp-json\/wp\/v2\/product\/424100\/revisions"}],"wp:featuredmedia":[{"embeddable":true,"href":"https:\/\/www.speedcube.nl\/de\/wp-json\/wp\/v2\/media\/421649"}],"wp:attachment":[{"href":"https:\/\/www.speedcube.nl\/de\/wp-json\/wp\/v2\/media?parent=424100"}],"wp:term":[{"taxonomy":"product_brand","embeddable":true,"href":"https:\/\/www.speedcube.nl\/de\/wp-json\/wp\/v2\/product_brand?post=424100"},{"taxonomy":"product_cat","embeddable":true,"href":"https:\/\/www.speedcube.nl\/de\/wp-json\/wp\/v2\/product_cat?post=424100"},{"taxonomy":"product_tag","embeddable":true,"href":"https:\/\/www.speedcube.nl\/de\/wp-json\/wp\/v2\/product_tag?post=424100"}],"curies":[{"name":"wp","href":"https:\/\/api.w.org\/{rel}","templated":true}]}}