{"id":424097,"date":"2023-12-12T10:05:40","date_gmt":"2023-12-12T09:05:40","guid":{"rendered":"https:\/\/www.speedcube.nl\/unkategorisiert\/raetsel-zelda-hyrule-crest\/"},"modified":"2026-05-10T05:03:56","modified_gmt":"2026-05-10T03:03:56","slug":"raetsel-zelda-hyrule-crest","status":"publish","type":"product","link":"https:\/\/www.speedcube.nl\/de\/knobelaufgaben\/ratsel\/raetsel-zelda-hyrule-crest\/","title":{"rendered":"R\u00e4tsel Zelda Hyrule Crest"},"content":{"rendered":"<p>Tauche ein in die komplexe Welt der verschlungenen Ketten und entdecke die mystische Kraft der hylianischen Waffe mit diesem herausfordernden Huzzle Zelda Hyrule Crest! Sind Sie das Superhirn, das diese r\u00e4tselhafte Aufgabe l\u00f6sen und sie in ihre urspr\u00fcngliche Form zur\u00fcckbringen kann? Die Metallkonstruktion verleiht ihm eine zus\u00e4tzliche Dimension von Gewicht und Realismus, was ihn zu einer beeindruckenden Erg\u00e4nzung deiner Zelda-Sammlung macht!<\/p>\n<p>Alter: 12+<br \/>\nSchwierigkeitsgrad: 4 Sterne<\/p>\n","protected":false},"excerpt":{"rendered":"<p>HUZZLE<\/p>\n","protected":false},"featured_media":423261,"template":"","meta":{"_improvement_type_select":"improve_an_existing","_thumb_yes_seoaic":false,"_frame_yes_seoaic":false,"seoaic_generate_description":"","seoaic_improve_instructions_prompt":"","seoaic_rollback_content_improvement":"","seoaic_idea_thumbnail_generator":"","thumbnail_generated":false,"thumbnail_generate_prompt":"","seoaic_article_description":"","product-afmeting-lengte-mm":"","product-afmeting-breedte-mm":"","product-afmeting-hoogte-mm":""},"product_brand":[],"product_cat":[1240,1227,1244,1233,1237,1488,1489],"product_tag":[],"class_list":{"0":"post-424097","1":"product","2":"type-product","3":"status-publish","4":"has-post-thumbnail","6":"product_cat-4-sterne-schwierig","7":"product_cat-knobelaufgaben","8":"product_cat-knobelaufgaben-de","9":"product_cat-knobelaufgaben-fur-erwachsene","10":"product_cat-knobelaufgaben-fur-kinder","11":"product_cat-metall","12":"product_cat-ratsel","13":"pa_merken-huzzle-de","15":"first","16":"instock","17":"taxable","18":"shipping-taxable","19":"purchasable","20":"product-type-simple"},"df_price":29.95,"df_sale_price":"","df_regular_price":29.95,"df_image_link":"https:\/\/www.speedcube.nl\/wp-content\/uploads\/2023\/12\/Productvisuals_Breinbrekers-Huzzle-Zelda-Triforce-Huzzle-Zelda-Hyrule-Crest-4-285x300.jpg","_links":{"self":[{"href":"https:\/\/www.speedcube.nl\/de\/wp-json\/wp\/v2\/product\/424097","targetHints":{"allow":["GET"]}}],"collection":[{"href":"https:\/\/www.speedcube.nl\/de\/wp-json\/wp\/v2\/product"}],"about":[{"href":"https:\/\/www.speedcube.nl\/de\/wp-json\/wp\/v2\/types\/product"}],"version-history":[{"count":0,"href":"https:\/\/www.speedcube.nl\/de\/wp-json\/wp\/v2\/product\/424097\/revisions"}],"wp:featuredmedia":[{"embeddable":true,"href":"https:\/\/www.speedcube.nl\/de\/wp-json\/wp\/v2\/media\/423261"}],"wp:attachment":[{"href":"https:\/\/www.speedcube.nl\/de\/wp-json\/wp\/v2\/media?parent=424097"}],"wp:term":[{"taxonomy":"product_brand","embeddable":true,"href":"https:\/\/www.speedcube.nl\/de\/wp-json\/wp\/v2\/product_brand?post=424097"},{"taxonomy":"product_cat","embeddable":true,"href":"https:\/\/www.speedcube.nl\/de\/wp-json\/wp\/v2\/product_cat?post=424097"},{"taxonomy":"product_tag","embeddable":true,"href":"https:\/\/www.speedcube.nl\/de\/wp-json\/wp\/v2\/product_tag?post=424097"}],"curies":[{"name":"wp","href":"https:\/\/api.w.org\/{rel}","templated":true}]}}