{"id":424087,"date":"2023-11-15T17:16:27","date_gmt":"2023-11-15T16:16:27","guid":{"rendered":"https:\/\/www.speedcube.nl\/unkategorisiert\/moyu-magnetischer-faltbarer-zappelwuerfel-schwarz-weiss\/"},"modified":"2026-05-02T05:01:47","modified_gmt":"2026-05-02T03:01:47","slug":"moyu-magnetischer-faltbarer-zappelwuerfel-schwarz-weiss","status":"publish","type":"product","link":"https:\/\/www.speedcube.nl\/de\/aanbieding-de\/moyu-magnetischer-faltbarer-zappelwuerfel-schwarz-weiss\/","title":{"rendered":"MoYu Magnetischer faltbarer Zappelw\u00fcrfel &#8211; Schwarz\/Wei\u00df"},"content":{"rendered":"<p>Der MoYu Magnetic Folding Fidget Cube ist ein Puzzle, das sich faltet, seine Form ver\u00e4ndert und aus seinem Kern neue Muster hervorgehen l\u00e4sst. Drehen, wenden, wenden und spielen mit diesem spannenden Puzzle von MoYu! Die Magnete sorgen f\u00fcr Stabilit\u00e4t beim Falten dieses Puzzles. Haben Sie mehrere Magnetic Cubes? Dann k\u00f6nnen Sie diese auch zusammenf\u00fcgen und noch gr\u00f6\u00dfere Formen erstellen.<\/p>\n","protected":false},"excerpt":{"rendered":"<p>MOYU<\/p>\n","protected":false},"featured_media":422234,"template":"","meta":{"_improvement_type_select":"improve_an_existing","_thumb_yes_seoaic":false,"_frame_yes_seoaic":false,"seoaic_generate_description":"","seoaic_improve_instructions_prompt":"","seoaic_rollback_content_improvement":"","seoaic_idea_thumbnail_generator":"","thumbnail_generated":false,"thumbnail_generate_prompt":"","seoaic_article_description":"","product-afmeting-lengte-mm":"64","product-afmeting-breedte-mm":"64","product-afmeting-hoogte-mm":"64"},"product_brand":[],"product_cat":[1332,1211,2558],"product_tag":[],"class_list":{"0":"post-424087","1":"product","2":"type-product","3":"status-publish","4":"has-post-thumbnail","6":"product_cat-moyu-de","7":"product_cat-speedcube-de","8":"product_cat-aanbieding-de","9":"pa_merken-moyu-de","11":"first","12":"instock","13":"sale","14":"taxable","15":"shipping-taxable","16":"purchasable","17":"product-type-simple"},"df_price":7.49,"df_sale_price":7.49,"df_regular_price":9.99,"df_image_link":"https:\/\/www.speedcube.nl\/wp-content\/uploads\/2023\/11\/Productvisuals_Speedcubes-MoYu-Magnetic-Folding-Fidget-Cube-ZwartWit--285x300.jpg","_links":{"self":[{"href":"https:\/\/www.speedcube.nl\/de\/wp-json\/wp\/v2\/product\/424087","targetHints":{"allow":["GET"]}}],"collection":[{"href":"https:\/\/www.speedcube.nl\/de\/wp-json\/wp\/v2\/product"}],"about":[{"href":"https:\/\/www.speedcube.nl\/de\/wp-json\/wp\/v2\/types\/product"}],"version-history":[{"count":0,"href":"https:\/\/www.speedcube.nl\/de\/wp-json\/wp\/v2\/product\/424087\/revisions"}],"wp:featuredmedia":[{"embeddable":true,"href":"https:\/\/www.speedcube.nl\/de\/wp-json\/wp\/v2\/media\/422234"}],"wp:attachment":[{"href":"https:\/\/www.speedcube.nl\/de\/wp-json\/wp\/v2\/media?parent=424087"}],"wp:term":[{"taxonomy":"product_brand","embeddable":true,"href":"https:\/\/www.speedcube.nl\/de\/wp-json\/wp\/v2\/product_brand?post=424087"},{"taxonomy":"product_cat","embeddable":true,"href":"https:\/\/www.speedcube.nl\/de\/wp-json\/wp\/v2\/product_cat?post=424087"},{"taxonomy":"product_tag","embeddable":true,"href":"https:\/\/www.speedcube.nl\/de\/wp-json\/wp\/v2\/product_tag?post=424087"}],"curies":[{"name":"wp","href":"https:\/\/api.w.org\/{rel}","templated":true}]}}