{"id":424083,"date":"2023-12-12T10:05:40","date_gmt":"2023-12-12T09:05:40","guid":{"rendered":"https:\/\/www.speedcube.nl\/unkategorisiert\/raetsel-zelda-triforce\/"},"modified":"2026-04-28T05:01:09","modified_gmt":"2026-04-28T03:01:09","slug":"raetsel-zelda-triforce","status":"publish","type":"product","link":"https:\/\/www.speedcube.nl\/de\/knobelaufgaben\/5-sterne-oder-mehr-experte\/raetsel-zelda-triforce\/","title":{"rendered":"R\u00e4tsel Zelda Triforce"},"content":{"rendered":"<p>Es sind nicht die Muskeln, die jemanden zum Helden machen, es ist der Verstand! Mutige R\u00e4tselfreunde, fordert euch mit dem Huzzle Zelda Triforce heraus und zeigt, wer das R\u00e4tsel l\u00f6sen kann! Setzen Sie Ihre R\u00e4tselk\u00fcnste ein und l\u00f6sen Sie das Triforce so schnell wie m\u00f6glich! Je mehr du l\u00f6st, desto gr\u00f6\u00dfer wird dein Ruhm sein<\/p>\n<p>Alter: 12+<br \/>\nSchwierigkeitsgrad: 6 Sterne<\/p>\n","protected":false},"excerpt":{"rendered":"<p>HUZZLE<\/p>\n","protected":false},"featured_media":422340,"template":"","meta":{"_improvement_type_select":"improve_an_existing","_thumb_yes_seoaic":false,"_frame_yes_seoaic":false,"seoaic_generate_description":"","seoaic_improve_instructions_prompt":"","seoaic_rollback_content_improvement":"","seoaic_idea_thumbnail_generator":"","thumbnail_generated":false,"thumbnail_generate_prompt":"","seoaic_article_description":"","product-afmeting-lengte-mm":"","product-afmeting-breedte-mm":"","product-afmeting-hoogte-mm":""},"product_brand":[],"product_cat":[1490,1244,1227,1233,1237,1488,1489],"product_tag":[],"class_list":{"0":"post-424083","1":"product","2":"type-product","3":"status-publish","4":"has-post-thumbnail","6":"product_cat-5-sterne-oder-mehr-experte","7":"product_cat-knobelaufgaben-de","8":"product_cat-knobelaufgaben","9":"product_cat-knobelaufgaben-fur-erwachsene","10":"product_cat-knobelaufgaben-fur-kinder","11":"product_cat-metall","12":"product_cat-ratsel","13":"pa_merken-huzzle-de","15":"first","16":"instock","17":"taxable","18":"shipping-taxable","19":"purchasable","20":"product-type-simple"},"df_price":29.95,"df_sale_price":"","df_regular_price":29.95,"df_image_link":"https:\/\/www.speedcube.nl\/wp-content\/uploads\/2023\/12\/Productvisuals_Breinbrekers-Huzzle-Zelda-Triforce--285x300.jpg","_links":{"self":[{"href":"https:\/\/www.speedcube.nl\/de\/wp-json\/wp\/v2\/product\/424083","targetHints":{"allow":["GET"]}}],"collection":[{"href":"https:\/\/www.speedcube.nl\/de\/wp-json\/wp\/v2\/product"}],"about":[{"href":"https:\/\/www.speedcube.nl\/de\/wp-json\/wp\/v2\/types\/product"}],"version-history":[{"count":0,"href":"https:\/\/www.speedcube.nl\/de\/wp-json\/wp\/v2\/product\/424083\/revisions"}],"wp:featuredmedia":[{"embeddable":true,"href":"https:\/\/www.speedcube.nl\/de\/wp-json\/wp\/v2\/media\/422340"}],"wp:attachment":[{"href":"https:\/\/www.speedcube.nl\/de\/wp-json\/wp\/v2\/media?parent=424083"}],"wp:term":[{"taxonomy":"product_brand","embeddable":true,"href":"https:\/\/www.speedcube.nl\/de\/wp-json\/wp\/v2\/product_brand?post=424083"},{"taxonomy":"product_cat","embeddable":true,"href":"https:\/\/www.speedcube.nl\/de\/wp-json\/wp\/v2\/product_cat?post=424083"},{"taxonomy":"product_tag","embeddable":true,"href":"https:\/\/www.speedcube.nl\/de\/wp-json\/wp\/v2\/product_tag?post=424083"}],"curies":[{"name":"wp","href":"https:\/\/api.w.org\/{rel}","templated":true}]}}