{"id":424017,"date":"2023-12-20T15:17:07","date_gmt":"2023-12-20T14:17:07","guid":{"rendered":"https:\/\/www.speedcube.nl\/unkategorisiert\/diansheng-galaxie-magnetisch-13x13\/"},"modified":"2026-05-06T05:00:50","modified_gmt":"2026-05-06T03:00:50","slug":"diansheng-galaxie-magnetisch-13x13","status":"publish","type":"product","link":"https:\/\/www.speedcube.nl\/de\/speedcube-de\/13x13-de\/diansheng-galaxie-magnetisch-13x13\/","title":{"rendered":"Diansheng Galaxie Magnetisch 13&#215;13"},"content":{"rendered":"<p>Das Diansheng Galaxy Magnetic 13&#215;13 bietet eine starke Leistung, die jeden Speedcuber \u00fcberraschen wird. Eines der ersten Dinge, die einem am Diansheng Galaxy m 13&#215;13 auffallen, ist die breite Au\u00dfenschicht. Das sorgt nicht nur f\u00fcr einen bequemen Griff, sondern auch f\u00fcr m\u00fcheloses Drehen. Was diesen W\u00fcrfel wirklich einzigartig macht, sind die Regenbogenkapseln f\u00fcr die Magnete. Diese Kapseln sind nicht nur eine optisch ansprechende Erg\u00e4nzung, sondern machen die Magnete auch sichtbar. Neben den beeindruckenden Magneten hat dieser Speedcube auch ein konkaves Schildpatt-Design, so dass er sich reibungslos dreht. Und vergessen wir nicht, wie wichtig die Stabilit\u00e4t bei einem Speedcube ist. Gl\u00fccklicherweise bietet dieser W\u00fcrfel eine stabile Leistung. Au\u00dferdem ist dieser Speedcube sehr leicht, so dass er einfach zu transportieren ist. Ob Sie auf dem Weg zu einem Speedcubing-Wettbewerb sind oder einfach nur bei Freunden Speedcubing betreiben wollen, der Diansheng Galaxy m 13&#215;13 ist der perfekte Begleiter. Mit einer L\u00e4nge von 93 mm bietet dieser Speedcube auch mehr Kontrolle bei der Benutzung.<\/p>\n<p>Eingeschlossen:<\/p>\n<ul>\n<li>Diansheng Galaxy 13&#215;13 M prim\u00e4r aufkleberlos<\/li>\n<li>W\u00fcrfel-Box<\/li>\n<li>Einsteiger-Tutorial<\/li>\n<li>W\u00fcrfel Standard<\/li>\n<li>Schraubenzieher<\/li>\n<li>W\u00fcrfelbeutel<\/li>\n<li>Reinigungstuch<\/li>\n<\/ul>\n<p>Sind Sie neu im Cubing oder ein Anf\u00e4nger?<\/p>\n<p>Pops und Expolsians sind nicht von der Garantie abgedeckt.<\/p>\n<p>Seien Sie also vorsichtig, wenn Sie die ersten Kurven fahren.<\/p>\n<p>Passen Sie den W\u00fcrfel bei Bedarf fester an.<\/p>\n<p>R\u00fccksendungen werden nur f\u00fcr vollst\u00e4ndig montierte W\u00fcrfel akzeptiert.<\/p>\n<p>Es gibt 2 Arten von &#8218;Pops&#8216; beim W\u00fcrfeln:<\/p>\n<p>-Pops &#8211; Ein einzelnes St\u00fcck (oder mehrere St\u00fccke) f\u00e4llt aus dem W\u00fcrfel.<\/p>\n<p>-Explosionen &#8211; der ganze W\u00fcrfel f\u00e4llt auseinander und Sie haben nur noch einen Haufen Scherben.<\/p>\n<p>Hinweis: Dies kann bei einem brandneuen W\u00fcrfel bei Ihrer ersten L\u00f6sung passieren. Es ist immer eine gute Idee, einige langsame Drehungen zu machen und die Spannung des W\u00fcrfels zu \u00fcberpr\u00fcfen. <\/p>\n<p>In jedem Fall sind Sie vielleicht ein wenig irritiert und verwirrt, wie Sie es wieder zusammensetzen sollen.<\/p>\n<p>Wenn Ihr W\u00fcrfel explodiert ist und Sie mit einem Haufen von Teilen zur\u00fcckbleiben oder wenn Ihr W\u00fcrfel geplatzt ist und ein einzelnes Teil oder ein paar Teile herausgekommen sind, lassen Sie es uns wissen und wir k\u00f6nnen Ihnen ein Anleitungsvideo schicken.<\/p>\n<p>Hinweis: Sollte ein St\u00fcck brechen, ersetzen wir das St\u00fcck und nicht den ganzen W\u00fcrfel.<\/p>\n","protected":false},"excerpt":{"rendered":"<p>DIANSHENG<\/p>\n","protected":false},"featured_media":422583,"template":"","meta":{"_improvement_type_select":"improve_an_existing","_thumb_yes_seoaic":false,"_frame_yes_seoaic":false,"seoaic_generate_description":"","seoaic_improve_instructions_prompt":"","seoaic_rollback_content_improvement":"","seoaic_idea_thumbnail_generator":"","thumbnail_generated":false,"thumbnail_generate_prompt":"","seoaic_article_description":"","product-afmeting-lengte-mm":"93","product-afmeting-breedte-mm":"93","product-afmeting-hoogte-mm":"93"},"product_brand":[],"product_cat":[1369,1328,1211],"product_tag":[],"class_list":{"0":"post-424017","1":"product","2":"type-product","3":"status-publish","4":"has-post-thumbnail","6":"product_cat-13x13-de","7":"product_cat-diansheng-de","8":"product_cat-speedcube-de","9":"pa_merken-diansheng-de","11":"first","12":"instock","13":"taxable","14":"shipping-taxable","15":"purchasable","16":"product-type-simple"},"df_price":286.99,"df_sale_price":"","df_regular_price":286.99,"df_image_link":"https:\/\/www.speedcube.nl\/wp-content\/uploads\/2023\/12\/Productvisuals_Speedcubes-Diansheng-Galaxy-M-13x13--285x300.jpg","_links":{"self":[{"href":"https:\/\/www.speedcube.nl\/de\/wp-json\/wp\/v2\/product\/424017","targetHints":{"allow":["GET"]}}],"collection":[{"href":"https:\/\/www.speedcube.nl\/de\/wp-json\/wp\/v2\/product"}],"about":[{"href":"https:\/\/www.speedcube.nl\/de\/wp-json\/wp\/v2\/types\/product"}],"version-history":[{"count":1,"href":"https:\/\/www.speedcube.nl\/de\/wp-json\/wp\/v2\/product\/424017\/revisions"}],"predecessor-version":[{"id":520768,"href":"https:\/\/www.speedcube.nl\/de\/wp-json\/wp\/v2\/product\/424017\/revisions\/520768"}],"wp:featuredmedia":[{"embeddable":true,"href":"https:\/\/www.speedcube.nl\/de\/wp-json\/wp\/v2\/media\/422583"}],"wp:attachment":[{"href":"https:\/\/www.speedcube.nl\/de\/wp-json\/wp\/v2\/media?parent=424017"}],"wp:term":[{"taxonomy":"product_brand","embeddable":true,"href":"https:\/\/www.speedcube.nl\/de\/wp-json\/wp\/v2\/product_brand?post=424017"},{"taxonomy":"product_cat","embeddable":true,"href":"https:\/\/www.speedcube.nl\/de\/wp-json\/wp\/v2\/product_cat?post=424017"},{"taxonomy":"product_tag","embeddable":true,"href":"https:\/\/www.speedcube.nl\/de\/wp-json\/wp\/v2\/product_tag?post=424017"}],"curies":[{"name":"wp","href":"https:\/\/api.w.org\/{rel}","templated":true}]}}