{"id":424003,"date":"2023-12-20T15:17:07","date_gmt":"2023-12-20T14:17:07","guid":{"rendered":"https:\/\/www.speedcube.nl\/unkategorisiert\/gan-356-rs2\/"},"modified":"2026-04-28T05:01:19","modified_gmt":"2026-04-28T03:01:19","slug":"gan-356-rs2","status":"publish","type":"product","link":"https:\/\/www.speedcube.nl\/de\/speedcube-de\/gan-de\/gan-356-rs2\/","title":{"rendered":"GAN 356 RS2"},"content":{"rendered":"<p>Das GAN 356 RS2 3\u00d73 bietet mit seinem verbesserten Mechanismus hohe Leistungen und verf\u00fcgt \u00fcber moderne Technologien wie z.B. die &#8222;Doppelverstellung&#8220;. GAN-W\u00fcrfel waren in den letzten Jahren sehr gefragt, aber oft auch sehr kostspielig. Obwohl dieser W\u00fcrfel keinen magnetischen Effekt hat, ist der GAN 356 RS 2 3\u00d73 dennoch eine ausgezeichnete Wahl f\u00fcr alle, die einen modernen W\u00fcrfel von GAN ausprobieren m\u00f6chten, ohne zu viel Geld auszugeben.<\/p>\n<p>Wesentliche Merkmale:<br \/>\n+ GES Pro+ Spannsystem (12 Konfigurationen)<br \/>\n+ Verst\u00e4rkter Kern<br \/>\n+ Wabenf\u00f6rmiges Design f\u00fcr bessere Schmierstoffverteilung<\/p>\n","protected":false},"excerpt":{"rendered":"<p>GAN<\/p>\n","protected":false},"featured_media":422738,"template":"","meta":{"_improvement_type_select":"improve_an_existing","_thumb_yes_seoaic":false,"_frame_yes_seoaic":false,"seoaic_generate_description":"","seoaic_improve_instructions_prompt":"","seoaic_rollback_content_improvement":"","seoaic_idea_thumbnail_generator":"","thumbnail_generated":false,"thumbnail_generate_prompt":"","seoaic_article_description":"","product-afmeting-lengte-mm":"","product-afmeting-breedte-mm":"","product-afmeting-hoogte-mm":""},"product_brand":[],"product_cat":[1221,1270,1211],"product_tag":[],"class_list":{"0":"post-424003","1":"product","2":"type-product","3":"status-publish","4":"has-post-thumbnail","6":"product_cat-3x3-de","7":"product_cat-gan-de","8":"product_cat-speedcube-de","9":"pa_merken-gan-de","11":"first","12":"instock","13":"taxable","14":"shipping-taxable","15":"purchasable","16":"product-type-simple"},"df_price":18.99,"df_sale_price":"","df_regular_price":18.99,"df_image_link":"https:\/\/www.speedcube.nl\/wp-content\/uploads\/2023\/12\/Productvisuals_Speedcubes-GAN356-RS2--285x300.jpg","_links":{"self":[{"href":"https:\/\/www.speedcube.nl\/de\/wp-json\/wp\/v2\/product\/424003","targetHints":{"allow":["GET"]}}],"collection":[{"href":"https:\/\/www.speedcube.nl\/de\/wp-json\/wp\/v2\/product"}],"about":[{"href":"https:\/\/www.speedcube.nl\/de\/wp-json\/wp\/v2\/types\/product"}],"version-history":[{"count":0,"href":"https:\/\/www.speedcube.nl\/de\/wp-json\/wp\/v2\/product\/424003\/revisions"}],"wp:featuredmedia":[{"embeddable":true,"href":"https:\/\/www.speedcube.nl\/de\/wp-json\/wp\/v2\/media\/422738"}],"wp:attachment":[{"href":"https:\/\/www.speedcube.nl\/de\/wp-json\/wp\/v2\/media?parent=424003"}],"wp:term":[{"taxonomy":"product_brand","embeddable":true,"href":"https:\/\/www.speedcube.nl\/de\/wp-json\/wp\/v2\/product_brand?post=424003"},{"taxonomy":"product_cat","embeddable":true,"href":"https:\/\/www.speedcube.nl\/de\/wp-json\/wp\/v2\/product_cat?post=424003"},{"taxonomy":"product_tag","embeddable":true,"href":"https:\/\/www.speedcube.nl\/de\/wp-json\/wp\/v2\/product_tag?post=424003"}],"curies":[{"name":"wp","href":"https:\/\/api.w.org\/{rel}","templated":true}]}}