{"id":423996,"date":"2024-01-10T15:15:01","date_gmt":"2024-01-10T14:15:01","guid":{"rendered":"https:\/\/www.speedcube.nl\/unkategorisiert\/gan-monster-go-skewb-lite-version\/"},"modified":"2026-04-28T05:01:26","modified_gmt":"2026-04-28T03:01:26","slug":"gan-monster-go-skewb-lite-version","status":"publish","type":"product","link":"https:\/\/www.speedcube.nl\/de\/aanbieding-de\/gan-monster-go-skewb-lite-version\/","title":{"rendered":"Gan Monster Go Skewb (Lite-Version)"},"content":{"rendered":"<p>Der Monster Go Skewb ist ein neuer Ansatz f\u00fcr einen Spie\u00dfmechanismus und beruht auf dem Design des Teils, das im Gegensatz zu herk\u00f6mmlichen Kugellagern oder sogar Magneten sanft einrastet. Dies ist eine gro\u00dfartige Option, wenn Sie mit dem L\u00f6sen des Skewb beginnen wollen!<\/p>\n","protected":false},"excerpt":{"rendered":"<p>GAN MONSTER GO<\/p>\n","protected":false},"featured_media":403812,"template":"","meta":{"_improvement_type_select":"improve_an_existing","_thumb_yes_seoaic":false,"_frame_yes_seoaic":false,"seoaic_generate_description":"","seoaic_improve_instructions_prompt":"","seoaic_rollback_content_improvement":"","seoaic_idea_thumbnail_generator":"","thumbnail_generated":false,"thumbnail_generate_prompt":"","seoaic_article_description":"","product-afmeting-lengte-mm":"56","product-afmeting-breedte-mm":"56","product-afmeting-hoogte-mm":"56"},"product_brand":[],"product_cat":[1270,1211,2558],"product_tag":[],"class_list":{"0":"post-423996","1":"product","2":"type-product","3":"status-publish","4":"has-post-thumbnail","6":"product_cat-gan-de","7":"product_cat-speedcube-de","8":"product_cat-aanbieding-de","9":"pa_merken-monster-go-de","10":"pa_merken-gan-de","12":"first","13":"instock","14":"sale","15":"taxable","16":"shipping-taxable","17":"purchasable","18":"product-type-simple"},"df_price":8.39,"df_sale_price":8.39,"df_regular_price":11.99,"df_image_link":"https:\/\/www.speedcube.nl\/wp-content\/uploads\/2023\/06\/Productvisuals_Speedcubes-GAN-monster-go-skewb-1-285x300.jpg","_links":{"self":[{"href":"https:\/\/www.speedcube.nl\/de\/wp-json\/wp\/v2\/product\/423996","targetHints":{"allow":["GET"]}}],"collection":[{"href":"https:\/\/www.speedcube.nl\/de\/wp-json\/wp\/v2\/product"}],"about":[{"href":"https:\/\/www.speedcube.nl\/de\/wp-json\/wp\/v2\/types\/product"}],"version-history":[{"count":0,"href":"https:\/\/www.speedcube.nl\/de\/wp-json\/wp\/v2\/product\/423996\/revisions"}],"wp:featuredmedia":[{"embeddable":true,"href":"https:\/\/www.speedcube.nl\/de\/wp-json\/wp\/v2\/media\/403812"}],"wp:attachment":[{"href":"https:\/\/www.speedcube.nl\/de\/wp-json\/wp\/v2\/media?parent=423996"}],"wp:term":[{"taxonomy":"product_brand","embeddable":true,"href":"https:\/\/www.speedcube.nl\/de\/wp-json\/wp\/v2\/product_brand?post=423996"},{"taxonomy":"product_cat","embeddable":true,"href":"https:\/\/www.speedcube.nl\/de\/wp-json\/wp\/v2\/product_cat?post=423996"},{"taxonomy":"product_tag","embeddable":true,"href":"https:\/\/www.speedcube.nl\/de\/wp-json\/wp\/v2\/product_tag?post=423996"}],"curies":[{"name":"wp","href":"https:\/\/api.w.org\/{rel}","templated":true}]}}