{"id":423988,"date":"2024-01-10T14:47:33","date_gmt":"2024-01-10T13:47:33","guid":{"rendered":"https:\/\/www.speedcube.nl\/unkategorisiert\/diansheng-googol-magnetisch-2x2\/"},"modified":"2026-05-03T05:26:47","modified_gmt":"2026-05-03T03:26:47","slug":"diansheng-googol-magnetisch-2x2","status":"publish","type":"product","link":"https:\/\/www.speedcube.nl\/de\/speedcube-de\/diansheng-de\/diansheng-googol-magnetisch-2x2\/","title":{"rendered":"Diansheng Googol Magnetisch 2&#215;2"},"content":{"rendered":"<p>Mit 90 mm ist der Diansheng Googol Magnetic 2&#215;2 gr\u00f6\u00dfer als ein normaler 2&#215;2-W\u00fcrfel. Dank des neuen hohlen Anti-Stick-Designs haben Sie mehr Kontrolle \u00fcber Ihren W\u00fcrfel. Dieses 2&#215;2 ist aufgrund seiner Gr\u00f6\u00dfe ideal f\u00fcr Bildungszwecke. Dar\u00fcber hinaus sorgt die verbesserte Drehpr\u00e4zision f\u00fcr gleichm\u00e4\u00dfiges und pr\u00e4zises Drehen.<\/p>\n","protected":false},"excerpt":{"rendered":"<p>DIANSHENG<\/p>\n","protected":false},"featured_media":423176,"template":"","meta":{"_improvement_type_select":"improve_an_existing","_thumb_yes_seoaic":false,"_frame_yes_seoaic":false,"seoaic_generate_description":"","seoaic_improve_instructions_prompt":"","seoaic_rollback_content_improvement":"","seoaic_idea_thumbnail_generator":"","thumbnail_generated":false,"thumbnail_generate_prompt":"","seoaic_article_description":"","product-afmeting-lengte-mm":"","product-afmeting-breedte-mm":"","product-afmeting-hoogte-mm":""},"product_brand":[],"product_cat":[1267,1328,1211],"product_tag":[],"class_list":{"0":"post-423988","1":"product","2":"type-product","3":"status-publish","4":"has-post-thumbnail","6":"product_cat-2x2-de","7":"product_cat-diansheng-de","8":"product_cat-speedcube-de","9":"pa_merken-diansheng-de","11":"first","12":"instock","13":"taxable","14":"shipping-taxable","15":"purchasable","16":"product-type-simple"},"df_price":24.99,"df_sale_price":"","df_regular_price":24.99,"df_image_link":"https:\/\/www.speedcube.nl\/wp-content\/uploads\/2024\/01\/Productvisuals_Speedcubes-Diansheng-Googol-Magnetic-2x2--285x300.jpg","_links":{"self":[{"href":"https:\/\/www.speedcube.nl\/de\/wp-json\/wp\/v2\/product\/423988","targetHints":{"allow":["GET"]}}],"collection":[{"href":"https:\/\/www.speedcube.nl\/de\/wp-json\/wp\/v2\/product"}],"about":[{"href":"https:\/\/www.speedcube.nl\/de\/wp-json\/wp\/v2\/types\/product"}],"version-history":[{"count":0,"href":"https:\/\/www.speedcube.nl\/de\/wp-json\/wp\/v2\/product\/423988\/revisions"}],"wp:featuredmedia":[{"embeddable":true,"href":"https:\/\/www.speedcube.nl\/de\/wp-json\/wp\/v2\/media\/423176"}],"wp:attachment":[{"href":"https:\/\/www.speedcube.nl\/de\/wp-json\/wp\/v2\/media?parent=423988"}],"wp:term":[{"taxonomy":"product_brand","embeddable":true,"href":"https:\/\/www.speedcube.nl\/de\/wp-json\/wp\/v2\/product_brand?post=423988"},{"taxonomy":"product_cat","embeddable":true,"href":"https:\/\/www.speedcube.nl\/de\/wp-json\/wp\/v2\/product_cat?post=423988"},{"taxonomy":"product_tag","embeddable":true,"href":"https:\/\/www.speedcube.nl\/de\/wp-json\/wp\/v2\/product_tag?post=423988"}],"curies":[{"name":"wp","href":"https:\/\/api.w.org\/{rel}","templated":true}]}}