{"id":423985,"date":"2023-12-20T15:17:07","date_gmt":"2023-12-20T14:17:07","guid":{"rendered":"https:\/\/www.speedcube.nl\/unkategorisiert\/gan-356-magnetschwebebahn-3x3\/"},"modified":"2026-05-12T05:04:11","modified_gmt":"2026-05-12T03:04:11","slug":"gan-356-magnetschwebebahn-3x3","status":"publish","type":"product","link":"https:\/\/www.speedcube.nl\/de\/speedcube-de\/gan-de\/gan-356-magnetschwebebahn-3x3\/","title":{"rendered":"GAN 356 Magnetschwebebahn 3&#215;3"},"content":{"rendered":"<p>Der GAN 356 3&#215;3 MagLev ist ein gro\u00dfartiges Beispiel f\u00fcr moderne Technologie in Kombination mit einem beliebten Design, das zu einem gro\u00dfartigen W\u00fcrfel f\u00fchrt. Was diesen W\u00fcrfel von anderen MagLev-Modellen unterscheidet, ist, dass die magnetische Spannung reibungsfrei installiert wird. Dies gew\u00e4hrleistet ein unvergleichlich fl\u00fcssiges Spielerlebnis. Mit seinem geringen Gewicht ist der GAN 356 MagLev 3&#215;3 ohnehin leicht zu handhaben, aber die UV-beschichtete Version ist sogar noch etwas leichter als die mattierte Version. Lassen Sie sich von der Kombination aus fortschrittlicher Technologie und zeitlosem Design \u00fcberraschen!<\/p>\n<p>Wesentliche Merkmale:<br \/>\n+ Verbesserte automatische Kernausrichtung 3.0 (30 Grad)<br \/>\n+ GES V2-Spannungssystem (36 Konfigurationen)<br \/>\n+ Wabenf\u00f6rmiges Design f\u00fcr bessere Schmierstoffverteilung<br \/>\n+ Magnetische Absto\u00dfungstechnologie<br \/>\n+ Keine Federn erforderlich<br \/>\n+ Schnellerer Drehkomfort<\/p>\n","protected":false},"excerpt":{"rendered":"<p>GAN<\/p>\n","protected":false},"featured_media":422697,"template":"","meta":{"_improvement_type_select":"improve_an_existing","_thumb_yes_seoaic":false,"_frame_yes_seoaic":false,"seoaic_generate_description":"","seoaic_improve_instructions_prompt":"","seoaic_rollback_content_improvement":"","seoaic_idea_thumbnail_generator":"","thumbnail_generated":false,"thumbnail_generate_prompt":"","seoaic_article_description":"","product-afmeting-lengte-mm":"","product-afmeting-breedte-mm":"","product-afmeting-hoogte-mm":""},"product_brand":[],"product_cat":[1221,1270,1211],"product_tag":[],"class_list":{"0":"post-423985","1":"product","2":"type-product","3":"status-publish","4":"has-post-thumbnail","6":"product_cat-3x3-de","7":"product_cat-gan-de","8":"product_cat-speedcube-de","9":"pa_merken-gan-de","11":"first","12":"instock","13":"taxable","14":"shipping-taxable","15":"purchasable","16":"product-type-variable"},"df_price":34.99,"df_sale_price":"","df_regular_price":34.99,"df_image_link":"https:\/\/www.speedcube.nl\/wp-content\/uploads\/2023\/12\/Productvisuals_Speedcubes-GAN356-Maglev-3x3--285x300.jpg","_links":{"self":[{"href":"https:\/\/www.speedcube.nl\/de\/wp-json\/wp\/v2\/product\/423985","targetHints":{"allow":["GET"]}}],"collection":[{"href":"https:\/\/www.speedcube.nl\/de\/wp-json\/wp\/v2\/product"}],"about":[{"href":"https:\/\/www.speedcube.nl\/de\/wp-json\/wp\/v2\/types\/product"}],"version-history":[{"count":0,"href":"https:\/\/www.speedcube.nl\/de\/wp-json\/wp\/v2\/product\/423985\/revisions"}],"wp:featuredmedia":[{"embeddable":true,"href":"https:\/\/www.speedcube.nl\/de\/wp-json\/wp\/v2\/media\/422697"}],"wp:attachment":[{"href":"https:\/\/www.speedcube.nl\/de\/wp-json\/wp\/v2\/media?parent=423985"}],"wp:term":[{"taxonomy":"product_brand","embeddable":true,"href":"https:\/\/www.speedcube.nl\/de\/wp-json\/wp\/v2\/product_brand?post=423985"},{"taxonomy":"product_cat","embeddable":true,"href":"https:\/\/www.speedcube.nl\/de\/wp-json\/wp\/v2\/product_cat?post=423985"},{"taxonomy":"product_tag","embeddable":true,"href":"https:\/\/www.speedcube.nl\/de\/wp-json\/wp\/v2\/product_tag?post=423985"}],"curies":[{"name":"wp","href":"https:\/\/api.w.org\/{rel}","templated":true}]}}