{"id":423976,"date":"2023-12-20T15:17:06","date_gmt":"2023-12-20T14:17:06","guid":{"rendered":"https:\/\/www.speedcube.nl\/unkategorisiert\/qiyi-tori-wuerfel\/"},"modified":"2026-04-13T05:16:25","modified_gmt":"2026-04-13T03:16:25","slug":"qiyi-tori-wuerfel","status":"publish","type":"product","link":"https:\/\/www.speedcube.nl\/de\/speedcube-de\/twist-wurfel\/qiyi-tori-wuerfel\/","title":{"rendered":"Qiyi Tori-W\u00fcrfel"},"content":{"rendered":"<p>Sei anders, indem du nicht der Masse folgst. Mit seinem einzigartigen strukturellen Design bietet der Qiyi Tori Cube nicht nur Elastizit\u00e4t, sondern auch einstellbare Elastizit\u00e4t an allen sechs Seiten. Das geschwungene Design ist optimiert, um exzellente Eckenschnitte zu erm\u00f6glichen. Dieser W\u00fcrfel hat ein originelles, unwiderstehliches Design mit einer leuchtenden Farbpalette. Die matte Oberfl\u00e4che minimiert Kratzer und Spiegelungen. Heben Sie sich also von der Masse ab und beeindrucken Sie mit dem Tori Cube von Qiyi!<\/p>\n","protected":false},"excerpt":{"rendered":"<p>QIYI<\/p>\n","protected":false},"featured_media":422885,"template":"","meta":{"_improvement_type_select":"improve_an_existing","_thumb_yes_seoaic":false,"_frame_yes_seoaic":false,"seoaic_generate_description":"","seoaic_improve_instructions_prompt":"","seoaic_rollback_content_improvement":"","seoaic_idea_thumbnail_generator":"","thumbnail_generated":false,"thumbnail_generate_prompt":"","seoaic_article_description":"","product-afmeting-lengte-mm":"","product-afmeting-breedte-mm":"","product-afmeting-hoogte-mm":""},"product_brand":[],"product_cat":[1235,1279,1211],"product_tag":[],"class_list":{"0":"post-423976","1":"product","2":"type-product","3":"status-publish","4":"has-post-thumbnail","6":"product_cat-qiyi-de","7":"product_cat-twist-wurfel","8":"product_cat-speedcube-de","9":"pa_merken-qiyi-de","11":"first","12":"instock","13":"taxable","14":"shipping-taxable","15":"purchasable","16":"product-type-simple"},"df_price":10.99,"df_sale_price":"","df_regular_price":10.99,"df_image_link":"https:\/\/www.speedcube.nl\/wp-content\/uploads\/2023\/12\/Productvisuals_Speedcubes-QiYi-Tori-Cube--285x300.jpg","_links":{"self":[{"href":"https:\/\/www.speedcube.nl\/de\/wp-json\/wp\/v2\/product\/423976","targetHints":{"allow":["GET"]}}],"collection":[{"href":"https:\/\/www.speedcube.nl\/de\/wp-json\/wp\/v2\/product"}],"about":[{"href":"https:\/\/www.speedcube.nl\/de\/wp-json\/wp\/v2\/types\/product"}],"version-history":[{"count":0,"href":"https:\/\/www.speedcube.nl\/de\/wp-json\/wp\/v2\/product\/423976\/revisions"}],"wp:featuredmedia":[{"embeddable":true,"href":"https:\/\/www.speedcube.nl\/de\/wp-json\/wp\/v2\/media\/422885"}],"wp:attachment":[{"href":"https:\/\/www.speedcube.nl\/de\/wp-json\/wp\/v2\/media?parent=423976"}],"wp:term":[{"taxonomy":"product_brand","embeddable":true,"href":"https:\/\/www.speedcube.nl\/de\/wp-json\/wp\/v2\/product_brand?post=423976"},{"taxonomy":"product_cat","embeddable":true,"href":"https:\/\/www.speedcube.nl\/de\/wp-json\/wp\/v2\/product_cat?post=423976"},{"taxonomy":"product_tag","embeddable":true,"href":"https:\/\/www.speedcube.nl\/de\/wp-json\/wp\/v2\/product_tag?post=423976"}],"curies":[{"name":"wp","href":"https:\/\/api.w.org\/{rel}","templated":true}]}}