{"id":423973,"date":"2024-01-10T14:42:34","date_gmt":"2024-01-10T13:42:34","guid":{"rendered":"https:\/\/www.speedcube.nl\/unkategorisiert\/qiyi-m-pro-2x2\/"},"modified":"2026-04-30T05:14:44","modified_gmt":"2026-04-30T03:14:44","slug":"qiyi-m-pro-2x2","status":"publish","type":"product","link":"https:\/\/www.speedcube.nl\/de\/speedcube-de\/2x2-de\/qiyi-m-pro-2x2\/","title":{"rendered":"QiYi M Pro 2&#215;2"},"content":{"rendered":"<p>Der QiYi M Pro 2&#215;2 Magnetic ist eine au\u00dfergew\u00f6hnlich wirtschaftliche Wahl mit gro\u00dfartigen Funktionen! Dank des dualen Verstellsystems mit 5 Einstellungen k\u00f6nnen Sie den W\u00fcrfel ganz nach Ihren W\u00fcnschen anpassen. Au\u00dferdem ist dieser W\u00fcrfel mit 51 mm um 1 mm gr\u00f6\u00dfer als die Standardgr\u00f6\u00dfe von 50 mm. Der QiYi M Pro 2&#215;2 Magnetic ist bekannt f\u00fcr seine glatten und butterweichen Wirbel. Die Version mit Kugelkern verf\u00fcgt \u00fcber eine erh\u00f6hte Stabilit\u00e4t mit Kernmagneten, die ein besseres Positionierungserlebnis bieten.<\/p>\n","protected":false},"excerpt":{"rendered":"<p>QIYI<\/p>\n","protected":false},"featured_media":423127,"template":"","meta":{"_improvement_type_select":"improve_an_existing","_thumb_yes_seoaic":false,"_frame_yes_seoaic":false,"seoaic_generate_description":"","seoaic_improve_instructions_prompt":"","seoaic_rollback_content_improvement":"","seoaic_idea_thumbnail_generator":"","thumbnail_generated":false,"thumbnail_generate_prompt":"","seoaic_article_description":"","product-afmeting-lengte-mm":"","product-afmeting-breedte-mm":"","product-afmeting-hoogte-mm":""},"product_brand":[],"product_cat":[1267,1235,1211],"product_tag":[],"class_list":{"0":"post-423973","1":"product","2":"type-product","3":"status-publish","4":"has-post-thumbnail","6":"product_cat-2x2-de","7":"product_cat-qiyi-de","8":"product_cat-speedcube-de","9":"pa_merken-qiyi-de","11":"first","12":"instock","13":"taxable","14":"shipping-taxable","15":"purchasable","16":"product-type-variable"},"df_price":9.99,"df_sale_price":"","df_regular_price":9.99,"df_image_link":"https:\/\/www.speedcube.nl\/wp-content\/uploads\/2024\/01\/Productvisuals_Speedcubes-QiYi-M-Pro-2x2--285x300.jpg","_links":{"self":[{"href":"https:\/\/www.speedcube.nl\/de\/wp-json\/wp\/v2\/product\/423973","targetHints":{"allow":["GET"]}}],"collection":[{"href":"https:\/\/www.speedcube.nl\/de\/wp-json\/wp\/v2\/product"}],"about":[{"href":"https:\/\/www.speedcube.nl\/de\/wp-json\/wp\/v2\/types\/product"}],"version-history":[{"count":0,"href":"https:\/\/www.speedcube.nl\/de\/wp-json\/wp\/v2\/product\/423973\/revisions"}],"wp:featuredmedia":[{"embeddable":true,"href":"https:\/\/www.speedcube.nl\/de\/wp-json\/wp\/v2\/media\/423127"}],"wp:attachment":[{"href":"https:\/\/www.speedcube.nl\/de\/wp-json\/wp\/v2\/media?parent=423973"}],"wp:term":[{"taxonomy":"product_brand","embeddable":true,"href":"https:\/\/www.speedcube.nl\/de\/wp-json\/wp\/v2\/product_brand?post=423973"},{"taxonomy":"product_cat","embeddable":true,"href":"https:\/\/www.speedcube.nl\/de\/wp-json\/wp\/v2\/product_cat?post=423973"},{"taxonomy":"product_tag","embeddable":true,"href":"https:\/\/www.speedcube.nl\/de\/wp-json\/wp\/v2\/product_tag?post=423973"}],"curies":[{"name":"wp","href":"https:\/\/api.w.org\/{rel}","templated":true}]}}