{"id":423972,"date":"2024-01-10T15:20:00","date_gmt":"2024-01-10T14:20:00","guid":{"rendered":"https:\/\/www.speedcube.nl\/unkategorisiert\/gan-monster-go-mg-pyraminx-lite-version\/"},"modified":"2026-04-04T05:12:49","modified_gmt":"2026-04-04T03:12:49","slug":"gan-monster-go-mg-pyraminx-lite-version","status":"publish","type":"product","link":"https:\/\/www.speedcube.nl\/de\/speedcube-de\/pyraminx-de\/gan-monster-go-mg-pyraminx-lite-version\/","title":{"rendered":"Gan Monster Go Pyraminx (Lite-Version)"},"content":{"rendered":"<p>Die Gan Monster GO Pyraminx ist die neueste preisg\u00fcnstige Pyraminx aus der Monster Go-Serie des Herstellers Gan. Dieser W\u00fcrfel ist nicht magnetisch und verwendet Kunststofflager zur Positionierung und Ausrichtung des W\u00fcrfels. Dieser W\u00fcrfel ist ein Vorschlag f\u00fcr Anf\u00e4nger, die die Gan-W\u00fcrfel m\u00f6gen. Dieses Pyraminx wird als Lite-Version bezeichnet, weil es in einer Pappschachtel statt in der bekannten Flaschenschachtel geliefert wird.<\/p>\n","protected":false},"excerpt":{"rendered":"<p>GAN MONSTER GO<\/p>\n","protected":false},"featured_media":388207,"template":"","meta":{"_improvement_type_select":"improve_an_existing","_thumb_yes_seoaic":false,"_frame_yes_seoaic":false,"seoaic_generate_description":"","seoaic_improve_instructions_prompt":"","seoaic_rollback_content_improvement":"","seoaic_idea_thumbnail_generator":"","thumbnail_generated":false,"thumbnail_generate_prompt":"","seoaic_article_description":"","product-afmeting-lengte-mm":"75","product-afmeting-breedte-mm":"75","product-afmeting-hoogte-mm":"75"},"product_brand":[],"product_cat":[1232,1259,1211],"product_tag":[],"class_list":{"0":"post-423972","1":"product","2":"type-product","3":"status-publish","4":"has-post-thumbnail","6":"product_cat-gan-monster-go-de","7":"product_cat-pyraminx-de","8":"product_cat-speedcube-de","9":"pa_merken-gan-de","11":"first","12":"instock","13":"taxable","14":"shipping-taxable","15":"purchasable","16":"product-type-simple"},"df_price":16.99,"df_sale_price":"","df_regular_price":16.99,"df_image_link":"https:\/\/www.speedcube.nl\/wp-content\/uploads\/2023\/06\/Productvisuals_Speedcubes-GAN-monster-go-mg-pyraminx-1-285x300.jpg","_links":{"self":[{"href":"https:\/\/www.speedcube.nl\/de\/wp-json\/wp\/v2\/product\/423972","targetHints":{"allow":["GET"]}}],"collection":[{"href":"https:\/\/www.speedcube.nl\/de\/wp-json\/wp\/v2\/product"}],"about":[{"href":"https:\/\/www.speedcube.nl\/de\/wp-json\/wp\/v2\/types\/product"}],"version-history":[{"count":0,"href":"https:\/\/www.speedcube.nl\/de\/wp-json\/wp\/v2\/product\/423972\/revisions"}],"wp:featuredmedia":[{"embeddable":true,"href":"https:\/\/www.speedcube.nl\/de\/wp-json\/wp\/v2\/media\/388207"}],"wp:attachment":[{"href":"https:\/\/www.speedcube.nl\/de\/wp-json\/wp\/v2\/media?parent=423972"}],"wp:term":[{"taxonomy":"product_brand","embeddable":true,"href":"https:\/\/www.speedcube.nl\/de\/wp-json\/wp\/v2\/product_brand?post=423972"},{"taxonomy":"product_cat","embeddable":true,"href":"https:\/\/www.speedcube.nl\/de\/wp-json\/wp\/v2\/product_cat?post=423972"},{"taxonomy":"product_tag","embeddable":true,"href":"https:\/\/www.speedcube.nl\/de\/wp-json\/wp\/v2\/product_tag?post=423972"}],"curies":[{"name":"wp","href":"https:\/\/api.w.org\/{rel}","templated":true}]}}