{"id":423959,"date":"2023-12-20T15:17:06","date_gmt":"2023-12-20T14:17:06","guid":{"rendered":"https:\/\/www.speedcube.nl\/unkategorisiert\/qiyi-schieberegler-fidget\/"},"modified":"2026-05-01T05:04:28","modified_gmt":"2026-05-01T03:04:28","slug":"qiyi-schieberegler-fidget","status":"publish","type":"product","link":"https:\/\/www.speedcube.nl\/de\/aanbieding-de\/qiyi-schieberegler-fidget\/","title":{"rendered":"Qiyi Schieberegler Fidget"},"content":{"rendered":"<p>Der QiYi Slider ist ein EDC (Every Day Carry) Zappelspielzeug f\u00fcr Jung und Alt. In seinen gew\u00f6hnlichen Formen gleitet er einfach auf und ab. Das mag nicht so aufregend erscheinen, aber f\u00fcr manche ist es das ganz sicher! Egal, ob Sie tr\u00e4umen, Stress abbauen oder einfach nur Ihre H\u00e4nde besch\u00e4ftigen wollen, w\u00e4hrend Sie auf dem Sofa sitzen &#8211; der QiYi Slider hat etwas Einzigartiges, das es schwer macht, ihn aus der Hand zu legen. Erh\u00e4ltlich in gr\u00fcn und blau.<\/p>\n","protected":false},"excerpt":{"rendered":"<p>QIYI<\/p>\n","protected":false},"featured_media":422847,"template":"","meta":{"_improvement_type_select":"improve_an_existing","_thumb_yes_seoaic":false,"_frame_yes_seoaic":false,"seoaic_generate_description":"","seoaic_improve_instructions_prompt":"","seoaic_rollback_content_improvement":"","seoaic_idea_thumbnail_generator":"","thumbnail_generated":false,"thumbnail_generate_prompt":"","seoaic_article_description":"","product-afmeting-lengte-mm":"21","product-afmeting-breedte-mm":"21","product-afmeting-hoogte-mm":"62"},"product_brand":[],"product_cat":[1239,1235,1230,2558],"product_tag":[],"class_list":{"0":"post-423959","1":"product","2":"type-product","3":"status-publish","4":"has-post-thumbnail","6":"product_cat-gadgets-de","7":"product_cat-qiyi-de","8":"product_cat-zappelphilipp","9":"product_cat-aanbieding-de","10":"pa_merken-qiyi-de","12":"first","13":"instock","14":"sale","15":"taxable","16":"shipping-taxable","17":"purchasable","18":"product-type-variable"},"df_price":5.24,"df_sale_price":"","df_regular_price":5.24,"df_image_link":"https:\/\/www.speedcube.nl\/wp-content\/uploads\/2023\/12\/Productvisuals_Speedcubes-QiYi-Slider--285x300.jpg","_links":{"self":[{"href":"https:\/\/www.speedcube.nl\/de\/wp-json\/wp\/v2\/product\/423959","targetHints":{"allow":["GET"]}}],"collection":[{"href":"https:\/\/www.speedcube.nl\/de\/wp-json\/wp\/v2\/product"}],"about":[{"href":"https:\/\/www.speedcube.nl\/de\/wp-json\/wp\/v2\/types\/product"}],"version-history":[{"count":0,"href":"https:\/\/www.speedcube.nl\/de\/wp-json\/wp\/v2\/product\/423959\/revisions"}],"wp:featuredmedia":[{"embeddable":true,"href":"https:\/\/www.speedcube.nl\/de\/wp-json\/wp\/v2\/media\/422847"}],"wp:attachment":[{"href":"https:\/\/www.speedcube.nl\/de\/wp-json\/wp\/v2\/media?parent=423959"}],"wp:term":[{"taxonomy":"product_brand","embeddable":true,"href":"https:\/\/www.speedcube.nl\/de\/wp-json\/wp\/v2\/product_brand?post=423959"},{"taxonomy":"product_cat","embeddable":true,"href":"https:\/\/www.speedcube.nl\/de\/wp-json\/wp\/v2\/product_cat?post=423959"},{"taxonomy":"product_tag","embeddable":true,"href":"https:\/\/www.speedcube.nl\/de\/wp-json\/wp\/v2\/product_tag?post=423959"}],"curies":[{"name":"wp","href":"https:\/\/api.w.org\/{rel}","templated":true}]}}