{"id":423956,"date":"2023-12-20T15:17:06","date_gmt":"2023-12-20T14:17:06","guid":{"rendered":"https:\/\/www.speedcube.nl\/unkategorisiert\/duncan-footbag-daredevil\/"},"modified":"2026-05-02T05:04:50","modified_gmt":"2026-05-02T03:04:50","slug":"duncan-footbag-daredevil","status":"publish","type":"product","link":"https:\/\/www.speedcube.nl\/de\/yo-yos\/duncan-de\/duncan-footbag-daredevil\/","title":{"rendered":"Duncan Footbag Daredevil"},"content":{"rendered":"<p>Der Daredevil Footbag von Duncan ist aus robustem, mit kleinen K\u00fcgelchen gef\u00fclltem Kunstleder gefertigt und eignet sich hervorragend f\u00fcr Footbag-Anf\u00e4nger. Das 5-Panel-Design, gef\u00fcllt mit kleinen Perlen, macht den Lernprozess einfacher und macht nat\u00fcrlich mehr Spa\u00df!<\/p>\n","protected":false},"excerpt":{"rendered":"<p>DUNCAN<\/p>\n","protected":false},"featured_media":422900,"template":"","meta":{"_improvement_type_select":"improve_an_existing","_thumb_yes_seoaic":false,"_frame_yes_seoaic":false,"seoaic_generate_description":"","seoaic_improve_instructions_prompt":"","seoaic_rollback_content_improvement":"","seoaic_idea_thumbnail_generator":"","thumbnail_generated":false,"thumbnail_generate_prompt":"","seoaic_article_description":"","product-afmeting-lengte-mm":"","product-afmeting-breedte-mm":"","product-afmeting-hoogte-mm":""},"product_brand":[],"product_cat":[1242,1239,1238,1230],"product_tag":[],"class_list":{"0":"post-423956","1":"product","2":"type-product","3":"status-publish","4":"has-post-thumbnail","6":"product_cat-duncan-de","7":"product_cat-gadgets-de","8":"product_cat-yo-yos","9":"product_cat-zappelphilipp","10":"pa_merken-duncan-de","12":"first","13":"outofstock","14":"sale","15":"taxable","16":"shipping-taxable","17":"purchasable","18":"product-type-variable"},"df_price":1.75,"df_sale_price":"","df_regular_price":1.75,"df_image_link":"https:\/\/www.speedcube.nl\/wp-content\/uploads\/2023\/12\/Productvisuals_yoyo-Duncan-Footbag-Daredevil-2-285x300.jpg","_links":{"self":[{"href":"https:\/\/www.speedcube.nl\/de\/wp-json\/wp\/v2\/product\/423956","targetHints":{"allow":["GET"]}}],"collection":[{"href":"https:\/\/www.speedcube.nl\/de\/wp-json\/wp\/v2\/product"}],"about":[{"href":"https:\/\/www.speedcube.nl\/de\/wp-json\/wp\/v2\/types\/product"}],"version-history":[{"count":0,"href":"https:\/\/www.speedcube.nl\/de\/wp-json\/wp\/v2\/product\/423956\/revisions"}],"wp:featuredmedia":[{"embeddable":true,"href":"https:\/\/www.speedcube.nl\/de\/wp-json\/wp\/v2\/media\/422900"}],"wp:attachment":[{"href":"https:\/\/www.speedcube.nl\/de\/wp-json\/wp\/v2\/media?parent=423956"}],"wp:term":[{"taxonomy":"product_brand","embeddable":true,"href":"https:\/\/www.speedcube.nl\/de\/wp-json\/wp\/v2\/product_brand?post=423956"},{"taxonomy":"product_cat","embeddable":true,"href":"https:\/\/www.speedcube.nl\/de\/wp-json\/wp\/v2\/product_cat?post=423956"},{"taxonomy":"product_tag","embeddable":true,"href":"https:\/\/www.speedcube.nl\/de\/wp-json\/wp\/v2\/product_tag?post=423956"}],"curies":[{"name":"wp","href":"https:\/\/api.w.org\/{rel}","templated":true}]}}