{"id":423954,"date":"2024-01-10T14:48:33","date_gmt":"2024-01-10T13:48:33","guid":{"rendered":"https:\/\/www.speedcube.nl\/unkategorisiert\/gan-monster-go-buchstabierwuerfel\/"},"modified":"2026-04-26T05:21:26","modified_gmt":"2026-04-26T03:21:26","slug":"gan-monster-go-buchstabierwuerfel","status":"publish","type":"product","link":"https:\/\/www.speedcube.nl\/de\/aanbieding-de\/gan-monster-go-buchstabierwuerfel\/","title":{"rendered":"GAN Monster Go Buchstabierw\u00fcrfel"},"content":{"rendered":"<p>Mit dem GAN Monster Go Buchstabierw\u00fcrfel k\u00f6nnen Kinder auf kreative und lehrreiche Art und Weise Buchstaben, Zahlen und verschiedene Figuren bilden. So haben sie nicht nur Spa\u00df beim Spielen, sondern verbessern auch ihre Rechtschreib- und kognitiven F\u00e4higkeiten. Mit dem W\u00fcrfel k\u00f6nnen sie ihrer Fantasie spielerisch freien Lauf lassen und die fantastischsten Kreationen erschaffen. Ob man nun Buchstaben und W\u00f6rter formt oder niedliche Figuren wie ein s\u00fc\u00dfes Herz oder einen lustigen Smiley, die M\u00f6glichkeiten sind endlos. Der GAN Monster Go Buchstabierw\u00fcrfel bietet die perfekte Kombination aus Spielen und Lernen, mit der die Kinder auf spielerische und interaktive Weise Sprache und Formen \u00fcben k\u00f6nnen. Der W\u00fcrfel ist in zwei verschiedenen Varianten und in zwei verschiedenen Farben erh\u00e4ltlich. Die erste Variante ist die 3&#215;3-Variante, die aus 9 3&#215;3-W\u00fcrfeln besteht. Die zweite Variante ist die 4&#215;4-Variante, die aus 16 3&#215;3-W\u00fcrfeln besteht. Beide sind in lila\/rosa oder gr\u00fcn\/gelb erh\u00e4ltlich, so dass die Kinder selbst entscheiden k\u00f6nnen, welche Variante ihnen am besten gef\u00e4llt.<\/p>\n","protected":false},"excerpt":{"rendered":"<p>GAN MONSTER GO<\/p>\n","protected":false},"featured_media":423225,"template":"","meta":{"_improvement_type_select":"improve_an_existing","_thumb_yes_seoaic":false,"_frame_yes_seoaic":false,"seoaic_generate_description":"","seoaic_improve_instructions_prompt":"","seoaic_rollback_content_improvement":"","seoaic_idea_thumbnail_generator":"","thumbnail_generated":false,"thumbnail_generate_prompt":"","seoaic_article_description":"","product-afmeting-lengte-mm":"","product-afmeting-breedte-mm":"","product-afmeting-hoogte-mm":""},"product_brand":[],"product_cat":[1270,1211,2558],"product_tag":[],"class_list":{"0":"post-423954","1":"product","2":"type-product","3":"status-publish","4":"has-post-thumbnail","6":"product_cat-gan-de","7":"product_cat-speedcube-de","8":"product_cat-aanbieding-de","9":"pa_merken-monster-go-de","11":"first","12":"instock","13":"sale","14":"taxable","15":"shipping-taxable","16":"purchasable","17":"product-type-variable"},"df_price":6.5,"df_sale_price":"","df_regular_price":6.5,"df_image_link":"https:\/\/www.speedcube.nl\/wp-content\/uploads\/2024\/01\/Productvisuals_Speedcubes-GAN-Monster-Go-Spelling-Cube--285x300.jpg","_links":{"self":[{"href":"https:\/\/www.speedcube.nl\/de\/wp-json\/wp\/v2\/product\/423954","targetHints":{"allow":["GET"]}}],"collection":[{"href":"https:\/\/www.speedcube.nl\/de\/wp-json\/wp\/v2\/product"}],"about":[{"href":"https:\/\/www.speedcube.nl\/de\/wp-json\/wp\/v2\/types\/product"}],"version-history":[{"count":0,"href":"https:\/\/www.speedcube.nl\/de\/wp-json\/wp\/v2\/product\/423954\/revisions"}],"wp:featuredmedia":[{"embeddable":true,"href":"https:\/\/www.speedcube.nl\/de\/wp-json\/wp\/v2\/media\/423225"}],"wp:attachment":[{"href":"https:\/\/www.speedcube.nl\/de\/wp-json\/wp\/v2\/media?parent=423954"}],"wp:term":[{"taxonomy":"product_brand","embeddable":true,"href":"https:\/\/www.speedcube.nl\/de\/wp-json\/wp\/v2\/product_brand?post=423954"},{"taxonomy":"product_cat","embeddable":true,"href":"https:\/\/www.speedcube.nl\/de\/wp-json\/wp\/v2\/product_cat?post=423954"},{"taxonomy":"product_tag","embeddable":true,"href":"https:\/\/www.speedcube.nl\/de\/wp-json\/wp\/v2\/product_tag?post=423954"}],"curies":[{"name":"wp","href":"https:\/\/api.w.org\/{rel}","templated":true}]}}